{"id":15487,"date":"2025-08-28T12:44:29","date_gmt":"2025-08-28T10:44:29","guid":{"rendered":"https:\/\/www.martinicabelts.com\/definition-de-laccessibilite\/"},"modified":"2025-08-28T13:01:06","modified_gmt":"2025-08-28T11:01:06","slug":"definition-de-laccessibilite","status":"publish","type":"page","link":"https:\/\/www.martinicabelts.com\/fr\/definition-de-laccessibilite\/","title":{"rendered":"D\u00e9finition de l&rsquo;accessibilit\u00e9"},"content":{"rendered":"<div class=\"wpb-content-wrapper\">[vc_row][vc_column][vc_column_text css=\u00a0\u00bb\u00a0\u00bb]\n<h3>D\u00e9claration d\u2019accessibilit\u00e9 du site web pour les sujets vis\u00e9s \u00e0 l\u2019art. 3, alin\u00e9a 1-bis de la loi du 9 janvier 2004, n. 4 <\/h3>\n<p>Martinica Belts S.r.l. s\u2019engage \u00e0 rendre son site web accessible, conform\u00e9ment \u00e0 la loi du 9 janvier 2004, n. 4. 4. La pr\u00e9sente d\u00e9claration d\u2019accessibilit\u00e9 s\u2019applique \u00e0 : <a href=\"https:\/\/www.martinicabelts.com\/fr\/\">https:\/\/www.martinicabelts.com<\/a>, ainsi qu\u2019aux formulaires qui y sont contenus.<\/p>\n<p><strong>\u00c9tat de conformit\u00e9:<\/strong><\/p>\n<p><strong>Partiellement conforme<\/strong><br \/>\nCe site web est partiellement conforme aux exigences pr\u00e9vues par l\u2019annexe A de la norme UNI CEI EN 301549, en raison des cas de non-conformit\u00e9 \u00e9num\u00e9r\u00e9s ci-dessous<\/p>\n<p>Contenus non accessibles pour les raisons suivantes \u2013 non-respect de la loi du 9 janvier 2004, n. 4 : 4:<\/p>\n<ul class=\"auir-611444a-StyledListUnordered-auir-611444a-2h5cgv eUGxKZ textUtils__StyledList-sc-cadf06be-0 bTvYQi list-611444a\">\n<li class=\"auir-611444a-StyledListItem-auir-611444a-1p8hdh5 fjDGrf\" role=\"listitem\">C.9.1.1.1 \u2013 Certains contenus non textuels pr\u00e9sent\u00e9s \u00e0 l\u2019utilisateur n\u2019ont pas d\u2019alternative textuelle \u00e9quivalente remplissant le m\u00eame objectif ;<\/li>\n<li class=\"auir-611444a-StyledListItem-auir-611444a-1p8hdh5 fjDGrf\" role=\"listitem\">C.9.1.2.2 \u2013 Certains contenus audio pr\u00e9enregistr\u00e9s sont d\u00e9pourvus de sous-titres synchronis\u00e9s ;<\/li>\n<li class=\"auir-611444a-StyledListItem-auir-611444a-1p8hdh5 fjDGrf\" role=\"listitem\">C.9.1.3.1 \u2013 Dans certains cas, les informations, la structure ou les corr\u00e9lations transmises par la pr\u00e9sentation des pages ne peuvent pas \u00eatre d\u00e9termin\u00e9es de mani\u00e8re programmatique (ou ne sont pas disponibles via du texte) ;<\/li>\n<li class=\"auir-611444a-StyledListItem-auir-611444a-1p8hdh5 fjDGrf\" role=\"listitem\">C.9.1.3.3 \u2013 Certaines instructions fournies pour comprendre et interagir avec les contenus reposent uniquement sur des caract\u00e9ristiques sensorielles des composants telles que la forme, la couleur, la taille, l\u2019emplacement visuel, l\u2019orientation ou le son ;<\/li>\n<li class=\"auir-611444a-StyledListItem-auir-611444a-1p8hdh5 fjDGrf\" role=\"listitem\">C.9.1.4.3 \u2013 La repr\u00e9sentation visuelle du texte et des images contenant du texte n\u2019a pas toujours le contraste minimal requis, sauf exceptions pr\u00e9vues par la r\u00e9glementation (ex. les logotypes) ;<\/li>\n<li class=\"auir-611444a-StyledListItem-auir-611444a-1p8hdh5 fjDGrf\" role=\"listitem\">C.9.1.4.4 \u2013 Certains textes, \u00e0 l\u2019exception des sous-titres et des images contenant du texte, ne peuvent pas \u00eatre redimensionn\u00e9s jusqu\u2019\u00e0 200 % sans recourir \u00e0 des technologies d\u2019assistance et sans perte de contenu ou de fonctionnalit\u00e9 ;<\/li>\n<li class=\"auir-611444a-StyledListItem-auir-611444a-1p8hdh5 fjDGrf\" role=\"listitem\">C.9.1.4.5 \u2013 Dans certains cas, des images de texte ont \u00e9t\u00e9 utilis\u00e9es \u00e0 la place du texte seul, et ne sont ni personnalisables ni essentielles au type d\u2019informations transmises ;<\/li>\n<li class=\"auir-611444a-StyledListItem-auir-611444a-1p8hdh5 fjDGrf\" role=\"listitem\">C.9.1.4.10 \u2013 Le contenu qui ne n\u00e9cessite pas une repr\u00e9sentation en deux dimensions (comme les tableaux de donn\u00e9es ou les cartes) ne se r\u00e9organise pas lorsque la taille d\u2019affichage est modifi\u00e9e par le programme utilisateur ;<\/li>\n<li class=\"auir-611444a-StyledListItem-auir-611444a-1p8hdh5 fjDGrf\" role=\"listitem\">C.9.1.4.11 \u2013 Pour certains composants essentiels, y compris dans leurs diff\u00e9rents \u00e9tats, le contraste de couleur par rapport aux \u00e9l\u00e9ments adjacents ne d\u00e9passe pas le rapport 3:1 ;<\/li>\n<li class=\"auir-611444a-StyledListItem-auir-611444a-1p8hdh5 fjDGrf\" role=\"listitem\">C.9.2.1.1 \u2013 Certaines fonctionnalit\u00e9s ne sont pas utilisables au clavier (ou par une interface \u00e0 saisie \u00e9quivalente) ;<\/li>\n<li class=\"auir-611444a-StyledListItem-auir-611444a-1p8hdh5 fjDGrf\" role=\"listitem\">C.9.2.4.1 \u2013 Il n\u2019existe pas de m\u00e9canisme permettant de passer les blocs de contenu r\u00e9p\u00e9t\u00e9s sur plusieurs pages web ;<\/li>\n<li class=\"auir-611444a-StyledListItem-auir-611444a-1p8hdh5 fjDGrf\" role=\"listitem\">C.9.2.4.3 \u2013 Sur certaines pages web pouvant \u00eatre parcourues s\u00e9quentiellement et o\u00f9 la s\u00e9quence de navigation influe sur leur signification et leur fonctionnement, certains objets pouvant recevoir le focus ne le re\u00e7oivent pas dans un ordre qui en conserve le sens et l\u2019op\u00e9rativit\u00e9 ;<\/li>\n<li class=\"auir-611444a-StyledListItem-auir-611444a-1p8hdh5 fjDGrf\" role=\"listitem\">C.9.2.4.4 \u2013 L\u2019objectif de certains liens ne peut pas \u00eatre d\u00e9termin\u00e9 \u00e0 partir du texte du lien seul, ni du texte du lien associ\u00e9 \u00e0 des contenus adjacents ;<\/li>\n<li class=\"auir-611444a-StyledListItem-auir-611444a-1p8hdh5 fjDGrf\" role=\"listitem\">C.9.2.4.6 \u2013 Les en-t\u00eates et\/ou \u00e9tiquettes ne clarifient pas suffisamment le contenu ou les fonctionnalit\u00e9s ;<\/li>\n<li class=\"auir-611444a-StyledListItem-auir-611444a-1p8hdh5 fjDGrf\" role=\"listitem\">C.9.2.4.7 \u2013 Sur certains \u00e9l\u00e9ments interactifs, l\u2019indicateur de focus n\u2019est pas visible ;<\/li>\n<li class=\"auir-611444a-StyledListItem-auir-611444a-1p8hdh5 fjDGrf\" role=\"listitem\">C.9.2.5.3 \u2013 Pour certains composants de l\u2019interface utilisateur avec des \u00e9tiquettes incluant du texte ou des images de texte, le nom lu par les aides techniques ne contient pas le texte pr\u00e9sent\u00e9 visuellement ;<\/li>\n<li class=\"auir-611444a-StyledListItem-auir-611444a-1p8hdh5 fjDGrf\" role=\"listitem\">C.9.3.1.1 \u2013 Sur certaines pages, la langue n\u2019est pas d\u00e9finie ;<\/li>\n<li class=\"auir-611444a-StyledListItem-auir-611444a-1p8hdh5 fjDGrf\" role=\"listitem\">C.9.3.3.2 \u2013 Dans certains cas, des \u00e9tiquettes ou instructions ne sont pas fournies lorsque le contenu exige une action de saisie de la part de l\u2019utilisateur ;<\/li>\n<li class=\"auir-611444a-StyledListItem-auir-611444a-1p8hdh5 fjDGrf\" role=\"listitem\">C.9.3.3.3 \u2013 Lorsqu\u2019une erreur de saisie est identifi\u00e9e et que des suggestions de correction sont connues, celles-ci ne sont pas communiqu\u00e9es \u00e0 l\u2019utilisateur, sauf exceptions pr\u00e9vues par la r\u00e9glementation ;<\/li>\n<li class=\"auir-611444a-StyledListItem-auir-611444a-1p8hdh5 fjDGrf\" role=\"listitem\">C.9.4.1.2 \u2013 Dans certains cas, les composants de l\u2019interface utilisateur (notamment : \u00e9l\u00e9ments d\u2019un formulaire, liens et composants g\u00e9n\u00e9r\u00e9s par script\u2026) n\u2019ont pas de nom, r\u00f4le, \u00e9tat, propri\u00e9t\u00e9 et valeur corrects ou configur\u00e9s, ou l\u2019utilisateur et ses technologies d\u2019assistance ne sont pas avertis lorsqu\u2019ils changent ;<\/li>\n<li class=\"auir-611444a-StyledListItem-auir-611444a-1p8hdh5 fjDGrf\" role=\"listitem\">C.9.4.1.3 \u2013 Dans certains cas, les messages d\u2019\u00e9tat ne sont pas pr\u00e9sent\u00e9s \u00e0 l\u2019utilisateur de mani\u00e8re \u00e0 ce que les aides techniques les interpr\u00e8tent sans d\u00e9placement du focus.<\/li>\n<\/ul>\n<p><strong>R\u00e9daction de la d\u00e9claration d\u2019accessibilit\u00e9<\/strong><\/p>\n<p>La pr\u00e9sente d\u00e9claration a \u00e9t\u00e9 r\u00e9dig\u00e9e le <strong>28\/08\/2025<\/strong>.<\/p>\n<p>L\u2019\u00e9valuation est <strong>une auto\u00e9valuation r\u00e9alis\u00e9e<\/strong> par des analyses objectives et subjectives (cf. article 3, paragraphe 1, de la d\u00e9cision d\u2019ex\u00e9cution UE 2018\/1523 de la Commission).<\/p>\n<p><strong>Modalit\u00e9s d\u2019envoi des signalements et coordonn\u00e9es du fournisseur<\/strong><\/p>\n<p>En cas de constat d\u2019un d\u00e9faut de conformit\u00e9 aux principes d\u2019accessibilit\u00e9, l\u2019utilisateur peut adresser un signalement \u00e0 l\u2019adresse mail suivante : <a href=\"mailto:info@martinicabelts.com\">info@martinicabelts.com<\/a>, en indiquant l\u2019URL du site, les pages jug\u00e9es non conformes et en motivant le signalement.<br \/>En cas de r\u00e9ponse insatisfaisante ou d\u2019absence de r\u00e9ponse dans un d\u00e9lai de trente jours \u00e0 compter de la demande ci-dessus, l\u2019int\u00e9ress\u00e9 peut transmettre un signalement selon les modalit\u00e9s indiqu\u00e9es sur le site de l\u2019AGID.<br \/>Le responsable peut \u00eatre contact\u00e9 \u00e0 l\u2019adresse e-mail mentionn\u00e9e ci-dessus.  <\/p>\n<p><strong>Modalit\u00e9s d\u2019envoi des signalements \u00e0 l\u2019AGID <\/strong><\/p>\n<p>En cas de r\u00e9ponse insatisfaisante ou d\u2019absence de r\u00e9ponse dans un d\u00e9lai de trente jours \u00e0 compter de la notification ou de la demande, l\u2019int\u00e9ress\u00e9 peut transmettre un signalement via le lien suivant :<br \/><a href=\"https:\/\/form.agid.gov.it\/form\/procedura-attuazione\/55b265ed-fe45-44f6-8c10-2708d1208742\" target=\"_blank\" rel=\"noopener\">https:\/\/form.agid.gov.it\/form\/procedura-attuazione\/55b265ed-fe45-44f6-8c10-2708d1208742<\/a><\/p>\n<p><strong>Informations sur le site martinicabelts.com<\/strong><\/p>\n<p>Date de publication du site web : 2024<br \/>\nDes tests d\u2019utilisabilit\u00e9 ont \u00e9t\u00e9 effectu\u00e9s : oui<br \/>\nCMS utilis\u00e9 pour le site web : WordPress[\/vc_column_text][\/vc_column][\/vc_row]\n<\/div>","protected":false},"excerpt":{"rendered":"<p>[vc_row][vc_column][vc_column_text css=\u00a0\u00bb\u00a0\u00bb] D\u00e9claration d\u2019accessibilit\u00e9 du site web pour les sujets vis\u00e9s \u00e0 l\u2019art. 3, alin\u00e9a 1-bis de la loi du 9 janvier 2004, n. 4 Martinica Belts S.r.l. s\u2019engage \u00e0 rendre son site web accessible, conform\u00e9ment \u00e0 la loi du 9 janvier 2004, n. 4. 4. La pr\u00e9sente d\u00e9claration d\u2019accessibilit\u00e9 [&hellip;]<\/p>\n","protected":false},"author":2,"featured_media":0,"parent":0,"menu_order":0,"comment_status":"closed","ping_status":"closed","template":"","meta":{"_acf_changed":false,"inline_featured_image":false,"footnotes":""},"class_list":["post-15487","page","type-page","status-publish","hentry"],"acf":[],"_links":{"self":[{"href":"https:\/\/www.martinicabelts.com\/fr\/wp-json\/wp\/v2\/pages\/15487","targetHints":{"allow":["GET"]}}],"collection":[{"href":"https:\/\/www.martinicabelts.com\/fr\/wp-json\/wp\/v2\/pages"}],"about":[{"href":"https:\/\/www.martinicabelts.com\/fr\/wp-json\/wp\/v2\/types\/page"}],"author":[{"embeddable":true,"href":"https:\/\/www.martinicabelts.com\/fr\/wp-json\/wp\/v2\/users\/2"}],"replies":[{"embeddable":true,"href":"https:\/\/www.martinicabelts.com\/fr\/wp-json\/wp\/v2\/comments?post=15487"}],"version-history":[{"count":2,"href":"https:\/\/www.martinicabelts.com\/fr\/wp-json\/wp\/v2\/pages\/15487\/revisions"}],"predecessor-version":[{"id":15489,"href":"https:\/\/www.martinicabelts.com\/fr\/wp-json\/wp\/v2\/pages\/15487\/revisions\/15489"}],"wp:attachment":[{"href":"https:\/\/www.martinicabelts.com\/fr\/wp-json\/wp\/v2\/media?parent=15487"}],"curies":[{"name":"wp","href":"https:\/\/api.w.org\/{rel}","templated":true}]}}