{"id":8006,"date":"2019-03-20T04:12:33","date_gmt":"2019-03-20T03:12:33","guid":{"rendered":"https:\/\/www.martinicabelts.com\/chi-siamo\/"},"modified":"2024-05-24T18:53:14","modified_gmt":"2024-05-24T16:53:14","slug":"a-propos-de-nous","status":"publish","type":"page","link":"https:\/\/www.martinicabelts.com\/fr\/a-propos-de-nous\/","title":{"rendered":"A propos de nous"},"content":{"rendered":"<div class=\"wpb-content-wrapper\">[vc_row et_full_width=\u00a0\u00bbtrue\u00a0\u00bb et_row_padding=\u00a0\u00bbtrue\u00a0\u00bb css=\u00a0\u00bb.vc_custom_1715618094280{background-color: #ffffff !important;}\u00a0\u00bb][vc_column]\r\n\t\t<div class=\"et-banner-69df34ead92a5 et-banner content-full  image-type-fluid has-alt-image text-color-dark hover-effect  \" ><img loading=\"lazy\" decoding=\"async\" width=\"1920\" height=\"800\" src=\"https:\/\/www.martinicabelts.com\/wp-content\/uploads\/2024\/05\/Chi-siamo_1920x800.jpg\" class=\"et-banner-main-image\" alt=\"\" sizes=\"auto, (max-width: 1920px) 100vw, 1920px\" srcset=\"https:\/\/www.martinicabelts.com\/wp-content\/uploads\/2024\/05\/Chi-siamo_1920x800.jpg 1920w, https:\/\/www.martinicabelts.com\/wp-content\/uploads\/2024\/05\/Chi-siamo_1920x800-300x125.jpg 300w, https:\/\/www.martinicabelts.com\/wp-content\/uploads\/2024\/05\/Chi-siamo_1920x800-1024x427.jpg 1024w, https:\/\/www.martinicabelts.com\/wp-content\/uploads\/2024\/05\/Chi-siamo_1920x800-768x320.jpg 768w, https:\/\/www.martinicabelts.com\/wp-content\/uploads\/2024\/05\/Chi-siamo_1920x800-1536x640.jpg 1536w, https:\/\/www.martinicabelts.com\/wp-content\/uploads\/2024\/05\/Chi-siamo_1920x800-150x63.jpg 150w, https:\/\/www.martinicabelts.com\/wp-content\/uploads\/2024\/05\/Chi-siamo_1920x800-900x375.jpg 900w\" \/><img loading=\"lazy\" decoding=\"async\" width=\"800\" height=\"600\" src=\"https:\/\/www.martinicabelts.com\/wp-content\/uploads\/2024\/05\/Chi-siamo_mobile.jpg\" class=\"et-banner-alt-image\" alt=\"\" srcset=\"https:\/\/www.martinicabelts.com\/wp-content\/uploads\/2024\/05\/Chi-siamo_mobile.jpg 800w, https:\/\/www.martinicabelts.com\/wp-content\/uploads\/2024\/05\/Chi-siamo_mobile-300x225.jpg 300w, https:\/\/www.martinicabelts.com\/wp-content\/uploads\/2024\/05\/Chi-siamo_mobile-768x576.jpg 768w, https:\/\/www.martinicabelts.com\/wp-content\/uploads\/2024\/05\/Chi-siamo_mobile-150x113.jpg 150w\" sizes=\"auto, (max-width: 800px) 100vw, 800px\" \/>\r\n\t\t\t<div class=\"et-banner-content\">\r\n\t\t\t\t<div class=\"et-banner-content-inner container\">\r\n\t\t\t\t\t<div class=\"et-banner-text h_center v_center align_center\">\r\n\t\t\t\t\t\t<div class=\"et-banner-text-inner\"><h1 class=\"et-banner-title color-light xxlarge\">A propos de nous<\/h1><h2 class=\"et-banner-subtitle  color-light text_style\">Une histoire de famille<\/h2><\/div>\r\n\t\t\t\t\t<\/div>\r\n\t\t\t\t<\/div>\r\n\t\t\t<\/div>\r\n\t\t<\/div>[\/vc_column][\/vc_row][vc_row][vc_column][vc_empty_space height=\u00a0\u00bb80px\u00a0\u00bb][vc_row_inner content_placement=\u00a0\u00bbmiddle\u00a0\u00bb][vc_column_inner width=\u00a0\u00bb1\/12&Prime;][\/vc_column_inner][vc_column_inner width=\u00a0\u00bb5\/12&Prime;][vc_column_text css=\u00a0\u00bb\u00a0\u00bb]Notre \u00e9quipe se compose d&rsquo;une vingtaine de professionnels r\u00e9partis entre l&rsquo;administration, le d\u00e9partement commercial et stylistique, la production, l&#8217;emballage et le contr\u00f4le de la qualit\u00e9. Le d\u00e9partement commercial et stylistique se consacre \u00e0 la recherche de styles et de mat\u00e9riaux, au d\u00e9veloppement de produits pour nos clients et pour notre collection martiniquaise, ainsi qu&rsquo;\u00e0 la gestion de la strat\u00e9gie \u00e9conomique et financi\u00e8re de l&rsquo;entreprise. La production, divis\u00e9e en diff\u00e9rents domaines d&rsquo;expertise, englobe des processus artisanaux tels que le prototypage, le dessin technique, la coupe, la coloration et la couture, dans le but de cr\u00e9er des produits uniques et de haute qualit\u00e9. Le conditionnement s&rsquo;occupe de l&#8217;emballage et de l&rsquo;exp\u00e9dition, tandis que le service de contr\u00f4le de la qualit\u00e9, compos\u00e9 de deux personnes, v\u00e9rifie que les mat\u00e9riaux et les produits finis r\u00e9pondent \u00e0 nos normes \u00e9lev\u00e9es avant l&rsquo;exp\u00e9dition, garantissant ainsi l&rsquo;excellence du produit final.[\/vc_column_text][\/vc_column_inner][vc_column_inner width=\u00a0\u00bb5\/12&Prime;]\r\n\t\t<div class=\"et-banner-69df34ead9d53 et-banner content-full  image-type-fluid text-color-dark hover-effect  \" ><img loading=\"lazy\" decoding=\"async\" width=\"960\" height=\"640\" src=\"https:\/\/www.martinicabelts.com\/wp-content\/uploads\/2024\/05\/Martinica-Belts-chi-siamo_R5A6234.jpg\" class=\"et-banner-main-image\" alt=\"Martinica Belts chi siamo: un team di professionisti\" sizes=\"auto, (max-width: 960px) 100vw, 960px\" srcset=\"https:\/\/www.martinicabelts.com\/wp-content\/uploads\/2024\/05\/Martinica-Belts-chi-siamo_R5A6234.jpg 960w, https:\/\/www.martinicabelts.com\/wp-content\/uploads\/2024\/05\/Martinica-Belts-chi-siamo_R5A6234-300x200.jpg 300w, https:\/\/www.martinicabelts.com\/wp-content\/uploads\/2024\/05\/Martinica-Belts-chi-siamo_R5A6234-768x512.jpg 768w, https:\/\/www.martinicabelts.com\/wp-content\/uploads\/2024\/05\/Martinica-Belts-chi-siamo_R5A6234-150x100.jpg 150w, https:\/\/www.martinicabelts.com\/wp-content\/uploads\/2024\/05\/Martinica-Belts-chi-siamo_R5A6234-900x600.jpg 900w\" \/>\r\n\t\t<\/div>[\/vc_column_inner][vc_column_inner width=\u00a0\u00bb1\/12&Prime;][\/vc_column_inner][\/vc_row_inner][vc_empty_space height=\u00a0\u00bb80px\u00a0\u00bb][\/vc_column][\/vc_row][vc_row et_full_width=\u00a0\u00bbtrue\u00a0\u00bb content_placement=\u00a0\u00bbmiddle\u00a0\u00bb css=\u00a0\u00bb.vc_custom_1715670850835{background-color: #ffffff !important;}\u00a0\u00bb][vc_column][vc_empty_space height=\u00a0\u00bb80px\u00a0\u00bb][vc_row_inner content_placement=\u00a0\u00bbmiddle\u00a0\u00bb el_class=\u00a0\u00bbrow-reverse\u00a0\u00bb][vc_column_inner width=\u00a0\u00bb1\/12&Prime;][\/vc_column_inner][vc_column_inner width=\u00a0\u00bb5\/12&Prime;][vc_column_text css=\u00a0\u00bb\u00a0\u00bb]Depuis pr\u00e8s de quatre d\u00e9cennies, Martinica Belts incarne non seulement une histoire familiale, mais aussi un parcours stimulant d&rsquo;am\u00e9lioration continue. Cet engagement constant a fa\u00e7onn\u00e9 un style distinctif et une approche unique pour chaque nouveau projet. Qu&rsquo;il s&rsquo;agisse de d\u00e9velopper les collections exclusives de Martinica Belts ou de cr\u00e9er des lignes de marques priv\u00e9es personnalis\u00e9es pour d&rsquo;autres marques, notre philosophie reste la m\u00eame : la qualit\u00e9 comme principe directeur.[\/vc_column_text][\/vc_column_inner][vc_column_inner width=\u00a0\u00bb5\/12&Prime;]\r\n\t\t<div class=\"et-banner-69df34eada367 et-banner content-full  image-type-fluid text-color-dark hover-effect  \" ><img loading=\"lazy\" decoding=\"async\" width=\"960\" height=\"640\" src=\"https:\/\/www.martinicabelts.com\/wp-content\/uploads\/2024\/05\/Martinica-Belts-chi-siamo_R5A63094.jpg\" class=\"et-banner-main-image\" alt=\"Martinica Belts chi siamo: una storia di famiglia\" sizes=\"auto, (max-width: 960px) 100vw, 960px\" srcset=\"https:\/\/www.martinicabelts.com\/wp-content\/uploads\/2024\/05\/Martinica-Belts-chi-siamo_R5A63094.jpg 960w, https:\/\/www.martinicabelts.com\/wp-content\/uploads\/2024\/05\/Martinica-Belts-chi-siamo_R5A63094-300x200.jpg 300w, https:\/\/www.martinicabelts.com\/wp-content\/uploads\/2024\/05\/Martinica-Belts-chi-siamo_R5A63094-768x512.jpg 768w, https:\/\/www.martinicabelts.com\/wp-content\/uploads\/2024\/05\/Martinica-Belts-chi-siamo_R5A63094-150x100.jpg 150w, https:\/\/www.martinicabelts.com\/wp-content\/uploads\/2024\/05\/Martinica-Belts-chi-siamo_R5A63094-900x600.jpg 900w\" \/>\r\n\t\t<\/div>[\/vc_column_inner][vc_column_inner width=\u00a0\u00bb1\/12&Prime;][\/vc_column_inner][\/vc_row_inner][vc_empty_space height=\u00a0\u00bb80px\u00a0\u00bb][\/vc_column][\/vc_row][vc_row content_placement=\u00a0\u00bbmiddle\u00a0\u00bb][vc_column][vc_empty_space height=\u00a0\u00bb80px\u00a0\u00bb][vc_row_inner content_placement=\u00a0\u00bbmiddle\u00a0\u00bb][vc_column_inner width=\u00a0\u00bb1\/12&Prime;][\/vc_column_inner][vc_column_inner width=\u00a0\u00bb5\/12&Prime;][vc_column_text css=\u00a0\u00bb\u00a0\u00bb]Fond\u00e9e \u00e0 V\u00e9rone, en Italie, en 1984, notre entreprise a r\u00e9ussi \u00e0 \u00e9tendre sa port\u00e9e bien au-del\u00e0 des fronti\u00e8res nationales, portant l&rsquo;excellence du made in Italy dans le monde entier. Le savoir-faire artisanal qui caract\u00e9rise chacune de nos ceintures et accessoires en cuir se marie harmonieusement avec un credo d&rsquo;entreprise moderne et innovant. Notre recherche ne s&rsquo;arr\u00eate jamais: toujours attentifs aux \u00e9volutions technologiques et de production, nous nous effor\u00e7ons de maintenir un \u00e9quilibre entre la tradition d&rsquo;un artisanat de haute qualit\u00e9 et l&rsquo;adoption des techniques de production les plus modernes.[\/vc_column_text][\/vc_column_inner][vc_column_inner width=\u00a0\u00bb5\/12&Prime;]\r\n\t\t<div class=\"et-banner-69df34eada6b0 et-banner content-full  image-type-fluid text-color-dark hover-effect  \" ><img loading=\"lazy\" decoding=\"async\" width=\"960\" height=\"640\" src=\"https:\/\/www.martinicabelts.com\/wp-content\/uploads\/2024\/05\/Martinica-Belts-chi-siamo_R5B7310.jpg\" class=\"et-banner-main-image\" alt=\"Martinica Belts chi siamo: artigiani della pelle\" sizes=\"auto, (max-width: 960px) 100vw, 960px\" srcset=\"https:\/\/www.martinicabelts.com\/wp-content\/uploads\/2024\/05\/Martinica-Belts-chi-siamo_R5B7310.jpg 960w, https:\/\/www.martinicabelts.com\/wp-content\/uploads\/2024\/05\/Martinica-Belts-chi-siamo_R5B7310-300x200.jpg 300w, https:\/\/www.martinicabelts.com\/wp-content\/uploads\/2024\/05\/Martinica-Belts-chi-siamo_R5B7310-768x512.jpg 768w, https:\/\/www.martinicabelts.com\/wp-content\/uploads\/2024\/05\/Martinica-Belts-chi-siamo_R5B7310-150x100.jpg 150w, https:\/\/www.martinicabelts.com\/wp-content\/uploads\/2024\/05\/Martinica-Belts-chi-siamo_R5B7310-900x600.jpg 900w\" \/>\r\n\t\t<\/div>[\/vc_column_inner][vc_column_inner width=\u00a0\u00bb1\/12&Prime;][\/vc_column_inner][\/vc_row_inner][vc_row_inner][vc_column_inner][vc_empty_space height=\u00a0\u00bb80px\u00a0\u00bb][\/vc_column_inner][\/vc_row_inner][\/vc_column][\/vc_row][vc_row et_full_width=\u00a0\u00bbtrue\u00a0\u00bb content_placement=\u00a0\u00bbmiddle\u00a0\u00bb css=\u00a0\u00bb.vc_custom_1715670850835{background-color: #ffffff !important;}\u00a0\u00bb][vc_column][vc_empty_space height=\u00a0\u00bb80px\u00a0\u00bb][vc_row_inner et_column_align=\u00a0\u00bbalign-center\u00a0\u00bb content_placement=\u00a0\u00bbmiddle\u00a0\u00bb el_class=\u00a0\u00bbrow-reverse\u00a0\u00bb][vc_column_inner width=\u00a0\u00bb1\/12&Prime;][\/vc_column_inner][vc_column_inner width=\u00a0\u00bb5\/12&Prime;][vc_column_text css=\u00a0\u00bb\u00a0\u00bb]Chez Martinica Belts, nous pensons que chaque pi\u00e8ce que nous cr\u00e9ons est un t\u00e9moignage tangible de notre engagement pour l&rsquo;excellence, une valeur que nous transmettons avec passion depuis pr\u00e8s de quarante ans. Notre succ\u00e8s repose sur notre capacit\u00e9 \u00e0 combiner habilement le respect des techniques traditionnelles avec une vision innovante, faisant de chaque collection non pas un simple accessoire, mais un v\u00e9ritable symbole de style et de sophistication.[\/vc_column_text][\/vc_column_inner][vc_column_inner width=\u00a0\u00bb5\/12&Prime;]\r\n\t\t<div class=\"et-banner-69df34eada9ef et-banner content-full  image-type-fluid text-color-dark hover-effect  \" ><img loading=\"lazy\" decoding=\"async\" width=\"1920\" height=\"1280\" src=\"https:\/\/www.martinicabelts.com\/wp-content\/uploads\/2022\/05\/R5A5677.jpg\" class=\"et-banner-main-image\" alt=\"Martinica Belts chi siamo: stile e raffinatezza\" sizes=\"auto, (max-width: 1920px) 100vw, 1920px\" srcset=\"https:\/\/www.martinicabelts.com\/wp-content\/uploads\/2022\/05\/R5A5677.jpg 1920w, https:\/\/www.martinicabelts.com\/wp-content\/uploads\/2022\/05\/R5A5677-300x200.jpg 300w, https:\/\/www.martinicabelts.com\/wp-content\/uploads\/2022\/05\/R5A5677-1024x683.jpg 1024w, https:\/\/www.martinicabelts.com\/wp-content\/uploads\/2022\/05\/R5A5677-768x512.jpg 768w, https:\/\/www.martinicabelts.com\/wp-content\/uploads\/2022\/05\/R5A5677-1536x1024.jpg 1536w, https:\/\/www.martinicabelts.com\/wp-content\/uploads\/2022\/05\/R5A5677-150x100.jpg 150w, https:\/\/www.martinicabelts.com\/wp-content\/uploads\/2022\/05\/R5A5677-900x600.jpg 900w\" \/>\r\n\t\t<\/div>[\/vc_column_inner][vc_column_inner width=\u00a0\u00bb1\/12&Prime;][\/vc_column_inner][\/vc_row_inner][vc_empty_space height=\u00a0\u00bb80px\u00a0\u00bb][\/vc_column][\/vc_row]\n<\/div>","protected":false},"excerpt":{"rendered":"<p>[vc_row et_full_width=\u00a0\u00bbtrue\u00a0\u00bb et_row_padding=\u00a0\u00bbtrue\u00a0\u00bb css=\u00a0\u00bb.vc_custom_1715618094280{background-color: #ffffff !important;}\u00a0\u00bb][vc_column][\/vc_column][\/vc_row][vc_row][vc_column][vc_empty_space height=\u00a0\u00bb80px\u00a0\u00bb][vc_row_inner content_placement=\u00a0\u00bbmiddle\u00a0\u00bb][vc_column_inner width=\u00a0\u00bb1\/12&Prime;][\/vc_column_inner][vc_column_inner width=\u00a0\u00bb5\/12&Prime;][vc_column_text css=\u00a0\u00bb\u00a0\u00bb]Notre \u00e9quipe se compose d&rsquo;une vingtaine de professionnels r\u00e9partis entre l&rsquo;administration, le d\u00e9partement commercial et stylistique, la production, l&#8217;emballage et le contr\u00f4le de la qualit\u00e9. Le d\u00e9partement commercial et stylistique se consacre \u00e0 la recherche de styles et de mat\u00e9riaux, [&hellip;]<\/p>\n","protected":false},"author":2,"featured_media":0,"parent":0,"menu_order":0,"comment_status":"closed","ping_status":"closed","template":"","meta":{"_acf_changed":false,"inline_featured_image":false,"footnotes":""},"class_list":["post-8006","page","type-page","status-publish","hentry"],"acf":[],"_links":{"self":[{"href":"https:\/\/www.martinicabelts.com\/fr\/wp-json\/wp\/v2\/pages\/8006","targetHints":{"allow":["GET"]}}],"collection":[{"href":"https:\/\/www.martinicabelts.com\/fr\/wp-json\/wp\/v2\/pages"}],"about":[{"href":"https:\/\/www.martinicabelts.com\/fr\/wp-json\/wp\/v2\/types\/page"}],"author":[{"embeddable":true,"href":"https:\/\/www.martinicabelts.com\/fr\/wp-json\/wp\/v2\/users\/2"}],"replies":[{"embeddable":true,"href":"https:\/\/www.martinicabelts.com\/fr\/wp-json\/wp\/v2\/comments?post=8006"}],"version-history":[{"count":6,"href":"https:\/\/www.martinicabelts.com\/fr\/wp-json\/wp\/v2\/pages\/8006\/revisions"}],"predecessor-version":[{"id":8012,"href":"https:\/\/www.martinicabelts.com\/fr\/wp-json\/wp\/v2\/pages\/8006\/revisions\/8012"}],"wp:attachment":[{"href":"https:\/\/www.martinicabelts.com\/fr\/wp-json\/wp\/v2\/media?parent=8006"}],"curies":[{"name":"wp","href":"https:\/\/api.w.org\/{rel}","templated":true}]}}