{"id":10524,"date":"2025-04-11T10:44:54","date_gmt":"2025-04-11T08:44:54","guid":{"rendered":"https:\/\/www.martinicabelts.com\/boutique\/cintura-in-vera-pelle-cancun\/"},"modified":"2026-03-01T05:16:40","modified_gmt":"2026-03-01T04:16:40","slug":"ceinture-en-cuir-veritable-cancun","status":"publish","type":"product","link":"https:\/\/www.martinicabelts.com\/fr\/boutique\/ceinture-en-cuir-veritable-cancun\/","title":{"rendered":"Ceinture en cuir v\u00e9ritable Cancun"},"content":{"rendered":"<p style=\"text-align: center;\">D\u00e9couvrez Cancun, la ceinture en cuir de vachette v\u00e9g\u00e9tal \u00e0 effet grain\u00e9, un v\u00e9ritable chef-d&rsquo;\u0153uvre d&rsquo;artisanat.<br \/>\nLe cuir de haute qualit\u00e9, trait\u00e9 par des m\u00e9thodes v\u00e9g\u00e9tales, donne \u00e0 la ceinture un aspect unique et naturel.<br \/>\nLes trous en forme de goutte non seulement ajoutent une touche d&rsquo;originalit\u00e9 mais permettent \u00e9galement un ajustement parfait.<br \/>\nLe passant, cousu \u00e0 la main avec un fil contrastant, met en \u00e9vidence le souci du d\u00e9tail et le savoir-faire artisanal.<br \/>\nLa boucle et les d\u00e9tails en m\u00e9tal d\u00e9cor\u00e9 compl\u00e8tent le design, ajoutant une touche d&rsquo;\u00e9l\u00e9gance et de raffinement.<br \/>\nCancun est l&rsquo;accessoire id\u00e9al pour ceux qui recherchent style et qualit\u00e9 dans un seul produit, parfait pour toute occasion, du casual au formel.<\/p>\n<p style=\"text-align: center;\">Choisissez Martinica Belts et emportez avec vous un morceau de v\u00e9ritable artisanat italien.<\/p>\n","protected":false},"excerpt":{"rendered":"<p>Ceinture Cancun en cuir de vachette v\u00e9g\u00e9tal \u00e0 effet grain\u00e9 avec trous en forme de goutte et passant cousu \u00e0 la main avec fil contrastant. Un accessoire \u00e9l\u00e9gant et artisanal.<\/p>\n<p><b>Mat\u00e9riau:<\/b> 100% Cuir de Vachette V\u00e9g\u00e9tal<br \/>\n<strong data-start=\"937\" data-end=\"950\">Largeur:<\/strong> 30 mm<\/p>\n","protected":false},"featured_media":14941,"template":"","meta":{"_acf_changed":false,"inline_featured_image":false},"product_brand":[],"product_cat":[844],"product_tag":[],"class_list":{"0":"post-10524","1":"product","2":"type-product","3":"status-publish","4":"has-post-thumbnail","6":"product_cat-ceintures-pour-femme","8":"first","9":"instock","10":"shipping-taxable","11":"purchasable","12":"product-type-variable","13":"has-default-attributes"},"acf":[],"_links":{"self":[{"href":"https:\/\/www.martinicabelts.com\/fr\/wp-json\/wp\/v2\/product\/10524","targetHints":{"allow":["GET"]}}],"collection":[{"href":"https:\/\/www.martinicabelts.com\/fr\/wp-json\/wp\/v2\/product"}],"about":[{"href":"https:\/\/www.martinicabelts.com\/fr\/wp-json\/wp\/v2\/types\/product"}],"wp:featuredmedia":[{"embeddable":true,"href":"https:\/\/www.martinicabelts.com\/fr\/wp-json\/wp\/v2\/media\/14941"}],"wp:attachment":[{"href":"https:\/\/www.martinicabelts.com\/fr\/wp-json\/wp\/v2\/media?parent=10524"}],"wp:term":[{"taxonomy":"product_brand","embeddable":true,"href":"https:\/\/www.martinicabelts.com\/fr\/wp-json\/wp\/v2\/product_brand?post=10524"},{"taxonomy":"product_cat","embeddable":true,"href":"https:\/\/www.martinicabelts.com\/fr\/wp-json\/wp\/v2\/product_cat?post=10524"},{"taxonomy":"product_tag","embeddable":true,"href":"https:\/\/www.martinicabelts.com\/fr\/wp-json\/wp\/v2\/product_tag?post=10524"}],"curies":[{"name":"wp","href":"https:\/\/api.w.org\/{rel}","templated":true}]}}