{"id":11174,"date":"2025-04-05T12:01:59","date_gmt":"2025-04-05T10:01:59","guid":{"rendered":"https:\/\/www.martinicabelts.com\/?post_type=product&#038;p=11174"},"modified":"2026-03-01T05:16:41","modified_gmt":"2026-03-01T04:16:41","slug":"ceinture-en-cuir-veritable-perry","status":"publish","type":"product","link":"https:\/\/www.martinicabelts.com\/fr\/boutique\/ceinture-en-cuir-veritable-perry\/","title":{"rendered":"Ceinture en cuir v\u00e9ritable Perry"},"content":{"rendered":"<p class=\"\" style=\"text-align: center;\" data-start=\"1694\" data-end=\"2044\"><strong data-start=\"1694\" data-end=\"1713\">D\u00e9couvrez Perry<\/strong>, la ceinture pour homme sign\u00e9e Martinica Belts, pens\u00e9e pour ceux qui recherchent un style intemporel et une qualit\u00e9 artisanale irr\u00e9prochable.<br data-start=\"1855\" data-end=\"1858\" \/>Confectionn\u00e9e en <strong data-start=\"1875\" data-end=\"1909\">cuir v\u00e9ritable teint \u00e0 la main<\/strong>, cette ceinture est un accessoire de luxe, id\u00e9al pour compl\u00e9ter des tenues \u00e9l\u00e9gantes et sophistiqu\u00e9es avec une touche de personnalit\u00e9.<\/p>\n<p class=\"\" style=\"text-align: center;\" data-start=\"2046\" data-end=\"2378\">Le <strong data-start=\"2049\" data-end=\"2065\">mod\u00e8le bomb\u00e9<\/strong>, soigneusement fini \u00e0 la main, pr\u00e9sente un <strong data-start=\"2109\" data-end=\"2139\">bord noir tamponn\u00e9 et cir\u00e9<\/strong> qui apporte profondeur, brillance et un aspect compact.<br data-start=\"2195\" data-end=\"2198\" \/>La <strong data-start=\"2201\" data-end=\"2229\">double surpiq\u00fbre machine<\/strong> garantit solidit\u00e9, durabilit\u00e9 et pr\u00e9cision dans les moindres d\u00e9tails, tandis que les <strong data-start=\"2315\" data-end=\"2326\">7 trous<\/strong>permettent un ajustement confortable et polyvalent.<\/p>\n<p class=\"\" style=\"text-align: center;\" data-start=\"2380\" data-end=\"2713\">La <strong data-start=\"2383\" data-end=\"2401\">ceinture Perry<\/strong> se distingue par la pr\u00e9sence d\u2019un <strong data-start=\"2436\" data-end=\"2474\">\u00e9l\u00e9gant trittico en argent vieilli<\/strong>, orn\u00e9 de <strong data-start=\"2484\" data-end=\"2510\">motifs baroques grav\u00e9s<\/strong>, un d\u00e9tail raffin\u00e9 qui donne au design une touche unique et sophistiqu\u00e9e.<br data-start=\"2584\" data-end=\"2587\" \/>Le <strong data-start=\"2590\" data-end=\"2621\">passant et le bout en m\u00e9tal<\/strong>, assortis au trittico, compl\u00e8tent le look avec une <strong data-start=\"2673\" data-end=\"2712\">esth\u00e9tique harmonieuse et coh\u00e9rente<\/strong>.<\/p>\n<p class=\"\" style=\"text-align: center;\" data-start=\"2715\" data-end=\"2755\"><strong data-start=\"2715\" data-end=\"2755\">Parfaite pour ceux qui recherchent<\/strong><\/p>\n<p class=\"\" style=\"text-align: center;\" data-start=\"2758\" data-end=\"2805\">Une ceinture homme \u00e9l\u00e9gante en cuir artisanal<br \/>\nUn mod\u00e8le bomb\u00e9 avec bord cir\u00e9<br \/>\nDes d\u00e9tails raffin\u00e9s comme le trittico en argent vieilli<br \/>\nUn style classique rehauss\u00e9 d\u2019une touche distinctive<br \/>\nUne qualit\u00e9 Made in Italy<\/p>\n<p class=\"\" style=\"text-align: center;\" data-start=\"2988\" data-end=\"3187\">Id\u00e9ale \u00e0 porter avec un pantalon habill\u00e9, un costume formel ou une tenue business casual,<br data-start=\"3077\" data-end=\"3080\" \/>la <strong data-start=\"3083\" data-end=\"3101\">ceinture Perry<\/strong> est un indispensable pour l\u2019homme qui aime se distinguer avec discr\u00e9tion et \u00e9l\u00e9gance.<\/p>\n<p class=\"\" style=\"text-align: center;\" data-start=\"3189\" data-end=\"3312\"><strong data-start=\"3189\" data-end=\"3219\">Choisissez Martinica Belts<\/strong> : chaque ceinture est l\u2019alliance d\u2019un design exclusif et d\u2019un artisanat italien authentique.<\/p>\n<p style=\"text-align: center;\">\n","protected":false},"excerpt":{"rendered":"<p class=\"\" data-start=\"467\" data-end=\"722\"><strong data-start=\"467\" data-end=\"491\">Ceinture homme Perry<\/strong> en cuir v\u00e9ritable teint \u00e0 la main, bomb\u00e9e et finie avec un <strong data-start=\"551\" data-end=\"569\">bord noir cir\u00e9<\/strong>. Mod\u00e8le de 25 mm avec 7 trous et <strong data-start=\"605\" data-end=\"649\">trittico en argent grav\u00e9 \u00e0 effet vieilli<\/strong>. Une \u00e9l\u00e9gance artisanale pour un style masculin raffin\u00e9 et intemporel.<\/p>\n<p class=\"\" data-start=\"724\" data-end=\"796\"><strong data-start=\"724\" data-end=\"737\">Mati\u00e8re:<\/strong> 100 % cuir de vachette tann\u00e9 v\u00e9g\u00e9tal<br data-start=\"774\" data-end=\"777\" \/><strong data-start=\"777\" data-end=\"790\">Largeur:<\/strong> 25 mm<\/p>\n<p>&nbsp;<\/p>\n","protected":false},"featured_media":11247,"template":"","meta":{"_acf_changed":false,"inline_featured_image":false},"product_brand":[],"product_cat":[833],"product_tag":[],"class_list":{"0":"post-11174","1":"product","2":"type-product","3":"status-publish","4":"has-post-thumbnail","6":"product_cat-ceintures-pour-homme","8":"first","9":"instock","10":"shipping-taxable","11":"purchasable","12":"product-type-variable","13":"has-default-attributes"},"acf":[],"_links":{"self":[{"href":"https:\/\/www.martinicabelts.com\/fr\/wp-json\/wp\/v2\/product\/11174","targetHints":{"allow":["GET"]}}],"collection":[{"href":"https:\/\/www.martinicabelts.com\/fr\/wp-json\/wp\/v2\/product"}],"about":[{"href":"https:\/\/www.martinicabelts.com\/fr\/wp-json\/wp\/v2\/types\/product"}],"wp:featuredmedia":[{"embeddable":true,"href":"https:\/\/www.martinicabelts.com\/fr\/wp-json\/wp\/v2\/media\/11247"}],"wp:attachment":[{"href":"https:\/\/www.martinicabelts.com\/fr\/wp-json\/wp\/v2\/media?parent=11174"}],"wp:term":[{"taxonomy":"product_brand","embeddable":true,"href":"https:\/\/www.martinicabelts.com\/fr\/wp-json\/wp\/v2\/product_brand?post=11174"},{"taxonomy":"product_cat","embeddable":true,"href":"https:\/\/www.martinicabelts.com\/fr\/wp-json\/wp\/v2\/product_cat?post=11174"},{"taxonomy":"product_tag","embeddable":true,"href":"https:\/\/www.martinicabelts.com\/fr\/wp-json\/wp\/v2\/product_tag?post=11174"}],"curies":[{"name":"wp","href":"https:\/\/api.w.org\/{rel}","templated":true}]}}