{"id":11336,"date":"2025-04-05T12:08:26","date_gmt":"2025-04-05T10:08:26","guid":{"rendered":"https:\/\/www.martinicabelts.com\/?post_type=product&#038;p=11336"},"modified":"2026-03-01T05:16:48","modified_gmt":"2026-03-01T04:16:48","slug":"ceinture-en-cuir-veritable-ollie","status":"publish","type":"product","link":"https:\/\/www.martinicabelts.com\/fr\/boutique\/ceinture-en-cuir-veritable-ollie\/","title":{"rendered":"Ceinture en cuir v\u00e9ritable Ollie"},"content":{"rendered":"<p class=\"\" style=\"text-align: center;\" data-start=\"1521\" data-end=\"1852\"><strong data-start=\"1521\" data-end=\"1540\">D\u00e9couvrez Ollie<\/strong>, la ceinture tress\u00e9e pour homme sign\u00e9e Martinica Belts\u2014pens\u00e9e pour ceux qui aiment le style artisanal avec une touche d\u2019originalit\u00e9.<br data-start=\"1673\" data-end=\"1676\" \/>Fabriqu\u00e9e \u00e0 la main en <strong data-start=\"1699\" data-end=\"1726\">cuir nappa v\u00e9g\u00e9tal lav\u00e9<\/strong>, <strong data-start=\"1728\" data-end=\"1737\">Ollie<\/strong> est repass\u00e9e et cir\u00e9e pour obtenir un <strong data-start=\"1776\" data-end=\"1803\">v\u00e9ritable effet vintage<\/strong>, doux au toucher et riche en nuances naturelles.<\/p>\n<p class=\"\" style=\"text-align: center;\" data-start=\"1854\" data-end=\"2162\">La <strong data-start=\"1857\" data-end=\"1888\">structure tress\u00e9e \u00e0 6 brins<\/strong> donne du corps et de la solidit\u00e9 \u00e0 la ceinture, la rendant id\u00e9ale pour des looks d\u00e9contract\u00e9s mais soign\u00e9s.<br data-start=\"1996\" data-end=\"1999\" \/>Avec sa <strong data-start=\"2007\" data-end=\"2027\">largeur de 35 mm<\/strong>, <strong data-start=\"2029\" data-end=\"2038\">Ollie<\/strong> se porte parfaitement avec un jean, un pantalon en lin, un chino ou une tenue plus relax, offrant confort et style affirm\u00e9.<\/p>\n<p class=\"\" style=\"text-align: center;\" data-start=\"2164\" data-end=\"2360\">Le d\u00e9tail distinctif est sa <strong data-start=\"2192\" data-end=\"2240\">boucle ronde irr\u00e9guli\u00e8re \u00e0 finition argent\u00e9e<\/strong>, qui rompt avec la sym\u00e9trie classique gr\u00e2ce \u00e0 une forme originale et masculine, soulignant le caract\u00e8re de la ceinture.<\/p>\n<p class=\"\" style=\"text-align: center;\" data-start=\"2362\" data-end=\"2402\"><strong data-start=\"2362\" data-end=\"2402\">Parfaite pour ceux qui recherchent<\/strong><\/p>\n<p class=\"\" style=\"text-align: center;\" data-start=\"2405\" data-end=\"2449\">Une ceinture tress\u00e9e artisanale pour homme<br \/>\nUne fabrication en cuir nappa v\u00e9g\u00e9tal cir\u00e9 effet vintage<br \/>\nUn design avec boucle ronde irr\u00e9guli\u00e8re finition argent<br \/>\nLa qualit\u00e9 et le style du Made in Italy<\/p>\n<p class=\"\" style=\"text-align: center;\" data-start=\"2614\" data-end=\"2854\">La <strong data-start=\"2617\" data-end=\"2635\">ceinture Ollie<\/strong> est l\u2019accessoire id\u00e9al pour l\u2019homme qui aime se distinguer avec go\u00fbt, sans faire de compromis sur le confort ou la qualit\u00e9 des mat\u00e9riaux.<br data-start=\"2773\" data-end=\"2776\" \/>Elle allie <strong data-start=\"2787\" data-end=\"2815\">esth\u00e9tique contemporaine<\/strong> et <strong data-start=\"2819\" data-end=\"2853\">tradition artisanale italienne<\/strong>.<\/p>\n<p class=\"\" style=\"text-align: center;\" data-start=\"2856\" data-end=\"2965\">Avec <strong data-start=\"2861\" data-end=\"2880\">Martinica Belts<\/strong>, vous portez plus qu\u2019une ceinture : vous affirmez un style authentique et conscient.<\/p>\n","protected":false},"excerpt":{"rendered":"<p class=\"\" data-start=\"459\" data-end=\"711\"><strong data-start=\"459\" data-end=\"483\">Ceinture homme Ollie<\/strong> tress\u00e9e \u00e0 6 brins en cuir nappa v\u00e9g\u00e9tal \u00e0 effet vintage, cir\u00e9e et finie \u00e0 la main. Mod\u00e8le de 35 mm avec <strong data-start=\"590\" data-end=\"634\">boucle ronde irr\u00e9guli\u00e8re finition argent<\/strong>. \u00c9l\u00e9gante et polyvalente, parfaite pour compl\u00e9ter chaque tenue avec style.<\/p>\n<p class=\"\" data-start=\"713\" data-end=\"768\"><strong data-start=\"713\" data-end=\"726\">Mati\u00e8re:<\/strong> 100 % cuir d\u2019agneau<br data-start=\"746\" data-end=\"749\" \/><strong data-start=\"749\" data-end=\"762\">Largeur:<\/strong> 35 mm<\/p>\n<p>&nbsp;<\/p>\n","protected":false},"featured_media":11447,"template":"","meta":{"_acf_changed":false,"inline_featured_image":false},"product_brand":[],"product_cat":[833],"product_tag":[],"class_list":{"0":"post-11336","1":"product","2":"type-product","3":"status-publish","4":"has-post-thumbnail","6":"product_cat-ceintures-pour-homme","8":"first","9":"instock","10":"shipping-taxable","11":"purchasable","12":"product-type-variable","13":"has-default-attributes"},"acf":[],"_links":{"self":[{"href":"https:\/\/www.martinicabelts.com\/fr\/wp-json\/wp\/v2\/product\/11336","targetHints":{"allow":["GET"]}}],"collection":[{"href":"https:\/\/www.martinicabelts.com\/fr\/wp-json\/wp\/v2\/product"}],"about":[{"href":"https:\/\/www.martinicabelts.com\/fr\/wp-json\/wp\/v2\/types\/product"}],"wp:featuredmedia":[{"embeddable":true,"href":"https:\/\/www.martinicabelts.com\/fr\/wp-json\/wp\/v2\/media\/11447"}],"wp:attachment":[{"href":"https:\/\/www.martinicabelts.com\/fr\/wp-json\/wp\/v2\/media?parent=11336"}],"wp:term":[{"taxonomy":"product_brand","embeddable":true,"href":"https:\/\/www.martinicabelts.com\/fr\/wp-json\/wp\/v2\/product_brand?post=11336"},{"taxonomy":"product_cat","embeddable":true,"href":"https:\/\/www.martinicabelts.com\/fr\/wp-json\/wp\/v2\/product_cat?post=11336"},{"taxonomy":"product_tag","embeddable":true,"href":"https:\/\/www.martinicabelts.com\/fr\/wp-json\/wp\/v2\/product_tag?post=11336"}],"curies":[{"name":"wp","href":"https:\/\/api.w.org\/{rel}","templated":true}]}}