{"id":11615,"date":"2025-04-05T12:07:52","date_gmt":"2025-04-05T10:07:52","guid":{"rendered":"https:\/\/www.martinicabelts.com\/?post_type=product&#038;p=11615"},"modified":"2026-03-01T05:16:47","modified_gmt":"2026-03-01T04:16:47","slug":"ceinture-en-cuir-veritable-filez","status":"publish","type":"product","link":"https:\/\/www.martinicabelts.com\/fr\/boutique\/ceinture-en-cuir-veritable-filez\/","title":{"rendered":"Ceinture en cuir v\u00e9ritable Filez"},"content":{"rendered":"<p class=\"\" style=\"text-align: center;\" data-start=\"1730\" data-end=\"2041\"><strong data-start=\"1730\" data-end=\"1749\">D\u00e9couvrez Filez<\/strong>, la ceinture pour homme sign\u00e9e Martinica Belts\u2014un accessoire artisanal qui allie personnalit\u00e9, \u00e9l\u00e9gance et un sens aigu du d\u00e9tail.<br data-start=\"1880\" data-end=\"1883\" \/>Fabriqu\u00e9e en <strong data-start=\"1896\" data-end=\"1931\">cuir v\u00e9ritable de haute qualit\u00e9<\/strong>, la <strong data-start=\"1936\" data-end=\"1954\">ceinture Filez<\/strong> s\u2019adresse \u00e0 ceux qui aiment se distinguer avec des pi\u00e8ces uniques et faites \u00e0 la main.<\/p>\n<p class=\"\" style=\"text-align: center;\" data-start=\"2043\" data-end=\"2365\">Le mod\u00e8le est <strong data-start=\"2057\" data-end=\"2082\">plat, bord\u00e9 et cambr\u00e9<\/strong>.<br data-start=\"2083\" data-end=\"2086\" \/>Tout au long de la lani\u00e8re, des <strong data-start=\"2118\" data-end=\"2183\">d\u00e9coupes en forme de losange et des perforations g\u00e9om\u00e9triques<\/strong> sont r\u00e9alis\u00e9es avec pr\u00e9cision \u00e0 la main,<br \/>\nconf\u00e9rant \u00e0 la ceinture une esth\u00e9tique d\u00e9corative mais sobre, adapt\u00e9e aussi bien \u00e0 des contextes formels qu\u2019\u00e0 des tenues plus d\u00e9contract\u00e9es.<\/p>\n<p class=\"\" style=\"text-align: center;\" data-start=\"2367\" data-end=\"2682\">Ce qui rend ce mod\u00e8le vraiment unique, ce sont les <strong data-start=\"2418\" data-end=\"2476\">cabochons ovales dans les tons bleu clair et turquoise<\/strong>, sertis sur la ceinture et parfaitement assortis \u00e0 la couleur du cuir.<br data-start=\"2547\" data-end=\"2550\" \/>Ces inserts en pierre ajoutent <strong data-start=\"2581\" data-end=\"2632\">de la profondeur, de la lumi\u00e8re et du caract\u00e8re<\/strong>, sublimant l\u2019authenticit\u00e9 artisanale de la pi\u00e8ce.<\/p>\n<p class=\"\" style=\"text-align: center;\" data-start=\"2684\" data-end=\"2924\">Le design est compl\u00e9t\u00e9 par un <strong data-start=\"2714\" data-end=\"2745\">passant en cuir ton sur ton<\/strong> et <strong data-start=\"2749\" data-end=\"2770\">5 trous r\u00e9glables<\/strong> pour un ajustement parfait.<br data-start=\"2798\" data-end=\"2801\" \/><strong data-start=\"2801\" data-end=\"2810\">Filez<\/strong> est une ceinture qui n\u2019a pas besoin d\u2019en faire trop pour se faire remarquer : elle s\u2019exprime \u00e0 travers le d\u00e9tail.<\/p>\n<p class=\"\" style=\"text-align: center;\" data-start=\"2926\" data-end=\"2966\"><strong data-start=\"2926\" data-end=\"2966\">Parfaite pour ceux qui recherchent<\/strong><\/p>\n<p class=\"\" style=\"text-align: center;\" data-start=\"2969\" data-end=\"3023\">Une ceinture artisanale pour homme en cuir v\u00e9ritable<br \/>\nDes d\u00e9coupes d\u00e9coratives et des perforations g\u00e9om\u00e9triques<br \/>\nUn look avec des cabochons<br \/>\nUn mod\u00e8le cambr\u00e9, plat et fini \u00e0 la main<br \/>\nUn accessoire Made in Italy raffin\u00e9 et original<\/p>\n<p class=\"\" style=\"text-align: center;\" data-start=\"3213\" data-end=\"3427\">La <strong data-start=\"3216\" data-end=\"3234\">ceinture Filez<\/strong> est parfaite pour compl\u00e9ter un look casual chic, une tenue de soir\u00e9e ou un style urbain.<br data-start=\"3323\" data-end=\"3326\" \/>Avec <strong data-start=\"3331\" data-end=\"3350\">Martinica Belts<\/strong>, chaque accessoire est une d\u00e9claration de personnalit\u00e9 et de go\u00fbt artisanal.<\/p>\n","protected":false},"excerpt":{"rendered":"<p class=\"\" data-start=\"561\" data-end=\"880\"><strong data-start=\"561\" data-end=\"585\">Ceinture homme Filez<\/strong> en cuir v\u00e9ritable, plate, cambr\u00e9e et bord\u00e9e \u00e0 la main, avec <strong data-start=\"646\" data-end=\"685\">d\u00e9coupes <\/strong>et perforations en losangele long de la lani\u00e8re.<br data-start=\"708\" data-end=\"711\" \/>Orn\u00e9e de <strong data-start=\"720\" data-end=\"761\">cabochons ovales bleu clair\/turquoise<\/strong>, <strong data-start=\"763\" data-end=\"782\">passant en cuir<\/strong> et <strong data-start=\"786\" data-end=\"797\">5 trous<\/strong>.<br data-start=\"798\" data-end=\"801\" \/>Un style raffin\u00e9 et distinctif, id\u00e9al pour les amateurs de v\u00e9ritable artisanat.<\/p>\n<p class=\"\" data-start=\"882\" data-end=\"954\"><strong data-start=\"882\" data-end=\"895\">Mati\u00e8re:<\/strong> 100 % cuir de vachette tann\u00e9 v\u00e9g\u00e9tal<br data-start=\"932\" data-end=\"935\" \/><strong data-start=\"935\" data-end=\"948\">Largeur:<\/strong> 35 mm<\/p>\n","protected":false},"featured_media":11720,"template":"","meta":{"_acf_changed":false,"inline_featured_image":false},"product_brand":[],"product_cat":[833],"product_tag":[],"class_list":{"0":"post-11615","1":"product","2":"type-product","3":"status-publish","4":"has-post-thumbnail","6":"product_cat-ceintures-pour-homme","8":"first","9":"instock","10":"shipping-taxable","11":"purchasable","12":"product-type-variable","13":"has-default-attributes"},"acf":[],"_links":{"self":[{"href":"https:\/\/www.martinicabelts.com\/fr\/wp-json\/wp\/v2\/product\/11615","targetHints":{"allow":["GET"]}}],"collection":[{"href":"https:\/\/www.martinicabelts.com\/fr\/wp-json\/wp\/v2\/product"}],"about":[{"href":"https:\/\/www.martinicabelts.com\/fr\/wp-json\/wp\/v2\/types\/product"}],"wp:featuredmedia":[{"embeddable":true,"href":"https:\/\/www.martinicabelts.com\/fr\/wp-json\/wp\/v2\/media\/11720"}],"wp:attachment":[{"href":"https:\/\/www.martinicabelts.com\/fr\/wp-json\/wp\/v2\/media?parent=11615"}],"wp:term":[{"taxonomy":"product_brand","embeddable":true,"href":"https:\/\/www.martinicabelts.com\/fr\/wp-json\/wp\/v2\/product_brand?post=11615"},{"taxonomy":"product_cat","embeddable":true,"href":"https:\/\/www.martinicabelts.com\/fr\/wp-json\/wp\/v2\/product_cat?post=11615"},{"taxonomy":"product_tag","embeddable":true,"href":"https:\/\/www.martinicabelts.com\/fr\/wp-json\/wp\/v2\/product_tag?post=11615"}],"curies":[{"name":"wp","href":"https:\/\/api.w.org\/{rel}","templated":true}]}}