{"id":11893,"date":"2025-04-05T12:03:18","date_gmt":"2025-04-05T10:03:18","guid":{"rendered":"https:\/\/www.martinicabelts.com\/?post_type=product&#038;p=11893"},"modified":"2026-03-01T05:16:44","modified_gmt":"2026-03-01T04:16:44","slug":"ceinture-en-cuir-veritable-tyler","status":"publish","type":"product","link":"https:\/\/www.martinicabelts.com\/fr\/boutique\/ceinture-en-cuir-veritable-tyler\/","title":{"rendered":"Ceinture en cuir v\u00e9ritable Tyler"},"content":{"rendered":"<p class=\"\" style=\"text-align: center;\" data-start=\"1600\" data-end=\"1992\"><strong data-start=\"1600\" data-end=\"1619\">D\u00e9couvrez Tyler<\/strong>, la ceinture pour homme sign\u00e9e Martinica Belts\u2014un accessoire essentiel et plein de caract\u00e8re, con\u00e7u pour compl\u00e9ter vos tenues quotidiennes avec style.<br data-start=\"1770\" data-end=\"1773\" \/><strong data-start=\"1773\" data-end=\"1835\">R\u00e9alis\u00e9e \u00e0 la main en cuir v\u00e9ritable souple teint en pi\u00e8ce<\/strong>, la <strong data-start=\"1840\" data-end=\"1858\">ceinture Tyler<\/strong> est le fruit d\u2019un savoir-faire artisanal minutieux qui met en valeur la texture naturelle du cuir et cr\u00e9e un v\u00e9ritable effet vintage.<\/p>\n<p class=\"\" style=\"text-align: center;\" data-start=\"1994\" data-end=\"2275\">Le <strong data-start=\"1997\" data-end=\"2011\">mod\u00e8le H40<\/strong>, plat, cambr\u00e9 et bord\u00e9, se distingue par un ajustement confortable\u2014id\u00e9al avec un jean, un pantalon casual ou un chino.<br data-start=\"2130\" data-end=\"2133\" \/>Un <strong data-start=\"2136\" data-end=\"2173\">canal p\u00e9riph\u00e9rique finement grav\u00e9<\/strong> longe toute la ceinture, ajoutant une touche \u00e9l\u00e9gante et discr\u00e8te qui souligne la qualit\u00e9 artisanale.<\/p>\n<p class=\"\" style=\"text-align: center;\" data-start=\"2277\" data-end=\"2584\">Le signe distinctif du mod\u00e8le <strong data-start=\"2307\" data-end=\"2316\">Tyler<\/strong> est sa <strong data-start=\"2324\" data-end=\"2372\">boucle double semi-ouverte en argent martel\u00e9<\/strong>, au design masculin et affirm\u00e9, avec une finition qui rappelle les techniques manuelles et conf\u00e8re un look authentique et v\u00e9cu.<br data-start=\"2500\" data-end=\"2503\" \/>Un <strong data-start=\"2506\" data-end=\"2537\">passant en cuir ton sur ton<\/strong> et <strong data-start=\"2541\" data-end=\"2552\">5 trous<\/strong> compl\u00e8tent ce design artisanal.<\/p>\n<p class=\"\" style=\"text-align: center;\" data-start=\"2586\" data-end=\"2626\"><strong data-start=\"2586\" data-end=\"2626\">Parfaite pour ceux qui recherchent<\/strong><\/p>\n<p class=\"\" style=\"text-align: center;\" data-start=\"2629\" data-end=\"2674\">Une ceinture homme casual en cuir artisanal<br \/>\nUne boucle double d\u00e9corative en m\u00e9tal martel\u00e9<br \/>\nUne qualit\u00e9 sans compromis du Made in Italy<\/p>\n<p class=\"\" style=\"text-align: center;\" data-start=\"2772\" data-end=\"2987\">La <strong data-start=\"2775\" data-end=\"2793\">ceinture Tyler<\/strong> est id\u00e9ale pour l\u2019homme qui appr\u00e9cie la praticit\u00e9 sans renoncer au style.<br data-start=\"2867\" data-end=\"2870\" \/>Polyvalente, robuste et finie dans les moindres d\u00e9tails, elle accompagne le quotidien avec une touche d\u2019authenticit\u00e9.<\/p>\n<p class=\"\" style=\"text-align: center;\" data-start=\"2989\" data-end=\"3062\">Avec <strong data-start=\"2994\" data-end=\"3013\">Martinica Belts<\/strong>, choisissez des accessoires qui parlent de vous.<\/p>\n","protected":false},"excerpt":{"rendered":"<p class=\"\" data-start=\"557\" data-end=\"900\"><strong data-start=\"557\" data-end=\"581\">Ceinture homme Tyler<\/strong> en cuir v\u00e9ritable souple teint \u00e0 la main, avec un design <strong data-start=\"639\" data-end=\"664\">plat, bord\u00e9 et cambr\u00e9<\/strong> \u00e0 effet vintage. Dot\u00e9e de <strong data-start=\"693\" data-end=\"704\">5 trous<\/strong>, d\u2019un <strong data-start=\"711\" data-end=\"730\">passant en cuir<\/strong> et d\u2019une <strong data-start=\"740\" data-end=\"788\">boucle double semi-ouverte en argent martel\u00e9<\/strong>. Le <strong data-start=\"795\" data-end=\"823\">canal p\u00e9riph\u00e9rique grav\u00e9<\/strong> compl\u00e8te cet accessoire masculin et casual, parfait pour un usage quotidien.<\/p>\n<p class=\"\" data-start=\"902\" data-end=\"974\"><strong data-start=\"902\" data-end=\"915\">Mati\u00e8re:<\/strong> 100 % cuir de vachette tann\u00e9 v\u00e9g\u00e9tal<br data-start=\"952\" data-end=\"955\" \/><strong data-start=\"955\" data-end=\"968\">Largeur:<\/strong> 40 mm<\/p>\n","protected":false},"featured_media":11950,"template":"","meta":{"_acf_changed":false,"inline_featured_image":false},"product_brand":[],"product_cat":[833],"product_tag":[],"class_list":{"0":"post-11893","1":"product","2":"type-product","3":"status-publish","4":"has-post-thumbnail","6":"product_cat-ceintures-pour-homme","8":"first","9":"instock","10":"shipping-taxable","11":"purchasable","12":"product-type-variable","13":"has-default-attributes"},"acf":[],"_links":{"self":[{"href":"https:\/\/www.martinicabelts.com\/fr\/wp-json\/wp\/v2\/product\/11893","targetHints":{"allow":["GET"]}}],"collection":[{"href":"https:\/\/www.martinicabelts.com\/fr\/wp-json\/wp\/v2\/product"}],"about":[{"href":"https:\/\/www.martinicabelts.com\/fr\/wp-json\/wp\/v2\/types\/product"}],"wp:featuredmedia":[{"embeddable":true,"href":"https:\/\/www.martinicabelts.com\/fr\/wp-json\/wp\/v2\/media\/11950"}],"wp:attachment":[{"href":"https:\/\/www.martinicabelts.com\/fr\/wp-json\/wp\/v2\/media?parent=11893"}],"wp:term":[{"taxonomy":"product_brand","embeddable":true,"href":"https:\/\/www.martinicabelts.com\/fr\/wp-json\/wp\/v2\/product_brand?post=11893"},{"taxonomy":"product_cat","embeddable":true,"href":"https:\/\/www.martinicabelts.com\/fr\/wp-json\/wp\/v2\/product_cat?post=11893"},{"taxonomy":"product_tag","embeddable":true,"href":"https:\/\/www.martinicabelts.com\/fr\/wp-json\/wp\/v2\/product_tag?post=11893"}],"curies":[{"name":"wp","href":"https:\/\/api.w.org\/{rel}","templated":true}]}}