{"id":12203,"date":"2025-04-05T12:09:15","date_gmt":"2025-04-05T10:09:15","guid":{"rendered":"https:\/\/www.martinicabelts.com\/?post_type=product&#038;p=12203"},"modified":"2026-03-01T05:16:49","modified_gmt":"2026-03-01T04:16:49","slug":"ceinture-en-cuir-veritable-lennie","status":"publish","type":"product","link":"https:\/\/www.martinicabelts.com\/fr\/boutique\/ceinture-en-cuir-veritable-lennie\/","title":{"rendered":"Ceinture en cuir v\u00e9ritable Lennie"},"content":{"rendered":"<p class=\"\" style=\"text-align: center;\" data-start=\"1496\" data-end=\"1840\"><strong data-start=\"1496\" data-end=\"1516\">D\u00e9couvrez Lennie<\/strong>, la ceinture pour homme sign\u00e9e Martinica Belts, pens\u00e9e pour ceux qui aiment se d\u00e9marquer avec un style affirm\u00e9 et anticonformiste.<br data-start=\"1647\" data-end=\"1650\" \/>R\u00e9alis\u00e9e en <strong data-start=\"1662\" data-end=\"1696\">cuir v\u00e9ritable teint \u00e0 la main<\/strong>, <strong data-start=\"1698\" data-end=\"1708\">Lennie<\/strong> allie artisanat et caract\u00e8re \u00e0 travers des d\u00e9tails inspir\u00e9s de l\u2019esth\u00e9tique rock, avec des finitions soign\u00e9es et un travail unique.<\/p>\n<p class=\"\" style=\"text-align: center;\" data-start=\"1842\" data-end=\"2171\">Le mod\u00e8le <strong data-start=\"1852\" data-end=\"1877\">plat, bord\u00e9 et cambr\u00e9<\/strong> offre un ajustement structur\u00e9 mais confortable\u2014parfait pour des looks urbains, d\u00e9contract\u00e9s ou \u00e0 l\u2019esprit grunge.<br data-start=\"1991\" data-end=\"1994\" \/>Le bord est orn\u00e9 d\u2019<strong data-start=\"2013\" data-end=\"2052\">incisions irr\u00e9guli\u00e8res \u00e0 demi-coupe<\/strong>, r\u00e9alis\u00e9es \u00e0 la main pour un <strong data-start=\"2082\" data-end=\"2099\">effet textur\u00e9<\/strong> qui rappelle la <strong data-start=\"2116\" data-end=\"2142\">boucle en argent grav\u00e9<\/strong>, d\u00e9corative et de caract\u00e8re.<\/p>\n<p class=\"\" style=\"text-align: center;\" data-start=\"2173\" data-end=\"2279\">Une rang\u00e9e de <strong data-start=\"2187\" data-end=\"2213\">rivets finition nickel<\/strong> longe toute la ceinture, lui donnant une identit\u00e9 visuelle forte.<\/p>\n<p class=\"\" style=\"text-align: center;\" data-start=\"2281\" data-end=\"2321\"><strong data-start=\"2281\" data-end=\"2321\">Parfaite pour ceux qui recherchent<\/strong><\/p>\n<p class=\"\" style=\"text-align: center;\" data-start=\"2324\" data-end=\"2371\">Une ceinture en cuir artisanale au style rock<br \/>\nUn design cambr\u00e9 et bord\u00e9 avec des gravures irr\u00e9guli\u00e8res<br \/>\nUn look audacieux avec clous nickel et boucle grav\u00e9e<br \/>\nUn accessoire robuste, fait main et Made in Italy<br \/>\nUne ceinture qui allie force et \u00e9l\u00e9gance<\/p>\n<p class=\"\" style=\"text-align: center;\" data-start=\"2588\" data-end=\"2799\">La <strong data-start=\"2591\" data-end=\"2610\">ceinture Lennie<\/strong> est parfaite avec un jean, un pantalon en cuir, une veste biker ou un look streetwear vintage.<br data-start=\"2705\" data-end=\"2708\" \/>Un accessoire qui donne du caract\u00e8re \u00e0 chaque tenue et refl\u00e8te l\u2019\u00e2me de celui qui le porte.<\/p>\n<p class=\"\" style=\"text-align: center;\" data-start=\"2801\" data-end=\"2882\">Avec <strong data-start=\"2806\" data-end=\"2825\">Martinica Belts<\/strong>, le rock devient cuir, design et qualit\u00e9 sans compromis.<\/p>\n","protected":false},"excerpt":{"rendered":"<p class=\"\" data-start=\"468\" data-end=\"710\"><strong data-start=\"468\" data-end=\"493\">Ceinture homme Lennie<\/strong> en cuir v\u00e9ritable teint \u00e0 la main, plate, bord\u00e9e et cambr\u00e9e, avec <strong data-start=\"560\" data-end=\"599\">gravures irr\u00e9guli\u00e8res sur les bords<\/strong> et <strong data-start=\"603\" data-end=\"639\">rang\u00e9e de rivets finition nickel<\/strong>. Passant en cuir d\u00e9coratif.<br data-start=\"669\" data-end=\"672\" \/>Un style <strong data-start=\"681\" data-end=\"709\">rock affirm\u00e9 et original<\/strong>.<\/p>\n<p class=\"\" data-start=\"712\" data-end=\"784\"><strong data-start=\"712\" data-end=\"725\">Mati\u00e8re:<\/strong> 100 % cuir de vachette tann\u00e9 v\u00e9g\u00e9tal<br data-start=\"762\" data-end=\"765\" \/><strong data-start=\"765\" data-end=\"778\">Largeur:<\/strong> 30 mm<\/p>\n<p>&nbsp;<\/p>\n","protected":false},"featured_media":15187,"template":"","meta":{"_acf_changed":false,"inline_featured_image":false},"product_brand":[],"product_cat":[833],"product_tag":[],"class_list":{"0":"post-12203","1":"product","2":"type-product","3":"status-publish","4":"has-post-thumbnail","6":"product_cat-ceintures-pour-homme","8":"first","9":"instock","10":"shipping-taxable","11":"purchasable","12":"product-type-variable","13":"has-default-attributes"},"acf":[],"_links":{"self":[{"href":"https:\/\/www.martinicabelts.com\/fr\/wp-json\/wp\/v2\/product\/12203","targetHints":{"allow":["GET"]}}],"collection":[{"href":"https:\/\/www.martinicabelts.com\/fr\/wp-json\/wp\/v2\/product"}],"about":[{"href":"https:\/\/www.martinicabelts.com\/fr\/wp-json\/wp\/v2\/types\/product"}],"wp:featuredmedia":[{"embeddable":true,"href":"https:\/\/www.martinicabelts.com\/fr\/wp-json\/wp\/v2\/media\/15187"}],"wp:attachment":[{"href":"https:\/\/www.martinicabelts.com\/fr\/wp-json\/wp\/v2\/media?parent=12203"}],"wp:term":[{"taxonomy":"product_brand","embeddable":true,"href":"https:\/\/www.martinicabelts.com\/fr\/wp-json\/wp\/v2\/product_brand?post=12203"},{"taxonomy":"product_cat","embeddable":true,"href":"https:\/\/www.martinicabelts.com\/fr\/wp-json\/wp\/v2\/product_cat?post=12203"},{"taxonomy":"product_tag","embeddable":true,"href":"https:\/\/www.martinicabelts.com\/fr\/wp-json\/wp\/v2\/product_tag?post=12203"}],"curies":[{"name":"wp","href":"https:\/\/api.w.org\/{rel}","templated":true}]}}