{"id":12370,"date":"2025-04-05T12:02:34","date_gmt":"2025-04-05T10:02:34","guid":{"rendered":"https:\/\/www.martinicabelts.com\/?post_type=product&#038;p=12370"},"modified":"2026-03-01T05:16:43","modified_gmt":"2026-03-01T04:16:43","slug":"ceinture-en-cuir-veritable-halford","status":"publish","type":"product","link":"https:\/\/www.martinicabelts.com\/fr\/boutique\/ceinture-en-cuir-veritable-halford\/","title":{"rendered":"Ceinture en cuir v\u00e9ritable Halford"},"content":{"rendered":"<p class=\"\" style=\"text-align: center;\" data-start=\"1342\" data-end=\"1759\"><strong data-start=\"1342\" data-end=\"1363\">D\u00e9couvrez Halford<\/strong>, la ceinture pour homme sign\u00e9e Martinica Belts\u2014un accessoire qui allie tradition artisanale et personnalit\u00e9 d\u2019un design authentique et textur\u00e9.<br data-start=\"1507\" data-end=\"1510\" \/>Fabriqu\u00e9e en cuir v\u00e9ritable italien, <strong data-start=\"1547\" data-end=\"1558\">Halford<\/strong> se distingue par une <strong data-start=\"1580\" data-end=\"1614\">construction tubulaire fronc\u00e9e<\/strong>, qui apporte du volume et un aspect us\u00e9, sublim\u00e9 par une <strong data-start=\"1672\" data-end=\"1700\">cire appliqu\u00e9e \u00e0 la main<\/strong> mettant en valeur la texture et ajoutant un effet vintage.<\/p>\n<p class=\"\" style=\"text-align: center;\" data-start=\"1761\" data-end=\"2022\">Son design se distingue par des <strong data-start=\"1793\" data-end=\"1839\">surpiq\u00fbres ton sur ton r\u00e9alis\u00e9es \u00e0 la main<\/strong> entre les <strong data-start=\"1850\" data-end=\"1861\">6 trous<\/strong>.<br data-start=\"1862\" data-end=\"1865\" \/>Chaque d\u00e9tail refl\u00e8te la qualit\u00e9 d\u2019un accessoire <strong data-start=\"1914\" data-end=\"1931\">Made in Italy<\/strong>, con\u00e7u pour ceux qui privil\u00e9gient des mat\u00e9riaux authentiques et un design fait pour durer.<\/p>\n<p class=\"\" style=\"text-align: center;\" data-start=\"2024\" data-end=\"2064\"><strong data-start=\"2024\" data-end=\"2064\">Parfaite pour ceux qui recherchent<\/strong><\/p>\n<p class=\"\" style=\"text-align: center;\" data-start=\"2067\" data-end=\"2119\">Une ceinture artisanale pour homme au look vintage<br \/>\nDes surpiq\u00fbres faites main pour une touche tailleur<br \/>\nUn style casual sophistiqu\u00e9 et original<br \/>\nUn produit de maroquinerie italienne authentique<\/p>\n<p class=\"\" style=\"text-align: center;\" data-start=\"2272\" data-end=\"2493\">La <strong data-start=\"2275\" data-end=\"2295\">ceinture Halford<\/strong> se marie parfaitement avec des jeans, pantalons en coton, vestes en cuir ou chemises en lin\u2014c\u2019est l\u2019accessoire id\u00e9al pour l\u2019homme qui souhaite apporter personnalit\u00e9 et authenticit\u00e9 \u00e0 sa garde-robe.<\/p>\n<p class=\"\" style=\"text-align: center;\" data-start=\"2495\" data-end=\"2634\">Avec <strong data-start=\"2500\" data-end=\"2519\">Martinica Belts<\/strong>, chaque ceinture est le fruit d\u2019une histoire faite de mains expertes, de cuir s\u00e9lectionn\u00e9 et d\u2019un amour du d\u00e9tail.<\/p>\n","protected":false},"excerpt":{"rendered":"<p class=\"\" data-start=\"547\" data-end=\"862\"><strong data-start=\"547\" data-end=\"573\">Ceinture homme Halford<\/strong> en cuir v\u00e9ritable avec <strong data-start=\"597\" data-end=\"628\">structure tubulaire fronc\u00e9e<\/strong>, <strong data-start=\"630\" data-end=\"663\">cir\u00e9e et travaill\u00e9e \u00e0 la main<\/strong> pour un effet vintage authentique. <strong data-start=\"701\" data-end=\"739\">Surpiq\u00fbres ton sur ton faites main<\/strong> entre les <strong data-start=\"750\" data-end=\"761\">6 trous<\/strong> et sur le passant en cuir.<br data-start=\"788\" data-end=\"791\" \/>Un accessoire original et artisanal, id\u00e9al pour un style casual soign\u00e9.<\/p>\n<p class=\"\" data-start=\"864\" data-end=\"933\"><strong data-start=\"864\" data-end=\"877\">Mati\u00e8re:<\/strong> 100 % cuir d\u2019agneau tann\u00e9 v\u00e9g\u00e9tal<br data-start=\"911\" data-end=\"914\" \/><strong data-start=\"914\" data-end=\"927\">Largeur:<\/strong> 30 mm<\/p>\n<p>&nbsp;<\/p>\n","protected":false},"featured_media":12320,"template":"","meta":{"_acf_changed":false,"inline_featured_image":false},"product_brand":[],"product_cat":[833],"product_tag":[],"class_list":{"0":"post-12370","1":"product","2":"type-product","3":"status-publish","4":"has-post-thumbnail","6":"product_cat-ceintures-pour-homme","8":"first","9":"instock","10":"shipping-taxable","11":"purchasable","12":"product-type-variable","13":"has-default-attributes"},"acf":[],"_links":{"self":[{"href":"https:\/\/www.martinicabelts.com\/fr\/wp-json\/wp\/v2\/product\/12370","targetHints":{"allow":["GET"]}}],"collection":[{"href":"https:\/\/www.martinicabelts.com\/fr\/wp-json\/wp\/v2\/product"}],"about":[{"href":"https:\/\/www.martinicabelts.com\/fr\/wp-json\/wp\/v2\/types\/product"}],"wp:featuredmedia":[{"embeddable":true,"href":"https:\/\/www.martinicabelts.com\/fr\/wp-json\/wp\/v2\/media\/12320"}],"wp:attachment":[{"href":"https:\/\/www.martinicabelts.com\/fr\/wp-json\/wp\/v2\/media?parent=12370"}],"wp:term":[{"taxonomy":"product_brand","embeddable":true,"href":"https:\/\/www.martinicabelts.com\/fr\/wp-json\/wp\/v2\/product_brand?post=12370"},{"taxonomy":"product_cat","embeddable":true,"href":"https:\/\/www.martinicabelts.com\/fr\/wp-json\/wp\/v2\/product_cat?post=12370"},{"taxonomy":"product_tag","embeddable":true,"href":"https:\/\/www.martinicabelts.com\/fr\/wp-json\/wp\/v2\/product_tag?post=12370"}],"curies":[{"name":"wp","href":"https:\/\/api.w.org\/{rel}","templated":true}]}}