{"id":12501,"date":"2025-04-05T12:11:22","date_gmt":"2025-04-05T10:11:22","guid":{"rendered":"https:\/\/www.martinicabelts.com\/?post_type=product&#038;p=12501"},"modified":"2026-03-01T05:16:51","modified_gmt":"2026-03-01T04:16:51","slug":"ceinture-en-cuir-veritable-robbie","status":"publish","type":"product","link":"https:\/\/www.martinicabelts.com\/fr\/boutique\/ceinture-en-cuir-veritable-robbie\/","title":{"rendered":"Ceinture en cuir v\u00e9ritable Robbie"},"content":{"rendered":"<p class=\"\" style=\"text-align: center;\" data-start=\"1415\" data-end=\"1747\"><strong data-start=\"1415\" data-end=\"1435\">D\u00e9couvrez Robbie<\/strong>, la ceinture pour homme sign\u00e9e Martinica Belts\u2014un <strong data-start=\"1486\" data-end=\"1511\">accessoire intemporel<\/strong> en <strong data-start=\"1515\" data-end=\"1549\">cuir v\u00e9ritable teint \u00e0 la main<\/strong>, con\u00e7u pour accompagner avec style vos tenues du quotidien.<br data-start=\"1609\" data-end=\"1612\" \/>Avec sa fabrication simple mais irr\u00e9prochable, <strong data-start=\"1659\" data-end=\"1669\">Robbie<\/strong> incarne l\u2019alliance parfaite entre tradition artisanale et design fonctionnel.<\/p>\n<p class=\"\" style=\"text-align: center;\" data-start=\"1749\" data-end=\"1975\">Le mod\u00e8le <strong data-start=\"1759\" data-end=\"1776\">plat et bord\u00e9<\/strong> offre une structure robuste et bien d\u00e9finie, avec des <strong data-start=\"1831\" data-end=\"1856\">bords finis \u00e0 la main<\/strong> et trait\u00e9s avec une <strong data-start=\"1877\" data-end=\"1902\">l\u00e9g\u00e8re patine vintage<\/strong>, qui apporte de la profondeur au cuir et sublime son aspect authentique.<\/p>\n<p class=\"\" style=\"text-align: center;\" data-start=\"1977\" data-end=\"2226\">Dot\u00e9e de <strong data-start=\"1986\" data-end=\"2007\">6 trous r\u00e9glables<\/strong> pour un ajustement parfait, la ceinture est compl\u00e9t\u00e9e par un <strong data-start=\"2069\" data-end=\"2100\">passant en cuir ton sur ton<\/strong>.<br data-start=\"2101\" data-end=\"2104\" \/>Son design \u00e9pur\u00e9 la rend <strong data-start=\"2129\" data-end=\"2156\">extr\u00eamement polyvalente<\/strong>, id\u00e9ale \u00e0 porter avec un costume, un jean ou un look business casual.<\/p>\n<p class=\"\" style=\"text-align: center;\" data-start=\"2228\" data-end=\"2268\"><strong data-start=\"2228\" data-end=\"2268\">Parfaite pour ceux qui recherchent<\/strong><\/p>\n<p class=\"\" style=\"text-align: center;\" data-start=\"2271\" data-end=\"2324\">Une ceinture classique pour homme en cuir artisanal<br \/>\nUn accessoire avec bordure patin\u00e9e \u00e0 l\u2019effet vintage<br \/>\nUn style intemporel, adapt\u00e9 \u00e0 toutes les occasions<br \/>\nLa qualit\u00e9 et le savoir-faire du Made in Italy<\/p>\n<p class=\"\" style=\"text-align: center;\" data-start=\"2487\" data-end=\"2642\">La <strong data-start=\"2490\" data-end=\"2509\">ceinture Robbie<\/strong> est le choix parfait pour l\u2019homme qui aime l\u2019essentiel sans renoncer \u00e0 la qualit\u00e9 des mat\u00e9riaux ni \u00e0 l\u2019attention port\u00e9e aux d\u00e9tails.<\/p>\n<p class=\"\" style=\"text-align: center;\" data-start=\"2644\" data-end=\"2733\">Avec <strong data-start=\"2649\" data-end=\"2668\">Martinica Belts<\/strong>, m\u00eame la simplicit\u00e9 devient une expression de style authentique.<\/p>\n","protected":false},"excerpt":{"rendered":"<p class=\"\" data-start=\"469\" data-end=\"719\"><strong data-start=\"469\" data-end=\"494\">Ceinture homme Robbie<\/strong> en cuir v\u00e9ritable teint \u00e0 la main, mod\u00e8le <strong data-start=\"537\" data-end=\"554\">plat et bord\u00e9<\/strong>. Dot\u00e9e de <strong data-start=\"567\" data-end=\"578\">6 trous<\/strong> et d\u2019un <strong data-start=\"587\" data-end=\"618\">passant en cuir ton sur ton<\/strong>. Le <strong data-start=\"625\" data-end=\"649\">bord \u00e0 effet vintage<\/strong> lui conf\u00e8re un style classique et raffin\u00e9, parfait pour le quotidien.<\/p>\n<p class=\"\" data-start=\"721\" data-end=\"792\"><strong data-start=\"721\" data-end=\"734\">Mati\u00e8re:<\/strong> 100 % cuir de veau, teint \u00e0 la main<br data-start=\"770\" data-end=\"773\" \/><strong data-start=\"773\" data-end=\"786\">Largeur:<\/strong> 35 mm<\/p>\n<p>&nbsp;<\/p>\n","protected":false},"featured_media":12582,"template":"","meta":{"_acf_changed":false,"inline_featured_image":false},"product_brand":[],"product_cat":[833],"product_tag":[],"class_list":{"0":"post-12501","1":"product","2":"type-product","3":"status-publish","4":"has-post-thumbnail","6":"product_cat-ceintures-pour-homme","8":"first","9":"instock","10":"shipping-taxable","11":"purchasable","12":"product-type-variable","13":"has-default-attributes"},"acf":[],"_links":{"self":[{"href":"https:\/\/www.martinicabelts.com\/fr\/wp-json\/wp\/v2\/product\/12501","targetHints":{"allow":["GET"]}}],"collection":[{"href":"https:\/\/www.martinicabelts.com\/fr\/wp-json\/wp\/v2\/product"}],"about":[{"href":"https:\/\/www.martinicabelts.com\/fr\/wp-json\/wp\/v2\/types\/product"}],"wp:featuredmedia":[{"embeddable":true,"href":"https:\/\/www.martinicabelts.com\/fr\/wp-json\/wp\/v2\/media\/12582"}],"wp:attachment":[{"href":"https:\/\/www.martinicabelts.com\/fr\/wp-json\/wp\/v2\/media?parent=12501"}],"wp:term":[{"taxonomy":"product_brand","embeddable":true,"href":"https:\/\/www.martinicabelts.com\/fr\/wp-json\/wp\/v2\/product_brand?post=12501"},{"taxonomy":"product_cat","embeddable":true,"href":"https:\/\/www.martinicabelts.com\/fr\/wp-json\/wp\/v2\/product_cat?post=12501"},{"taxonomy":"product_tag","embeddable":true,"href":"https:\/\/www.martinicabelts.com\/fr\/wp-json\/wp\/v2\/product_tag?post=12501"}],"curies":[{"name":"wp","href":"https:\/\/api.w.org\/{rel}","templated":true}]}}