{"id":12708,"date":"2025-04-11T10:27:25","date_gmt":"2025-04-11T08:27:25","guid":{"rendered":"https:\/\/www.martinicabelts.com\/?post_type=product&#038;p=12708"},"modified":"2026-03-01T05:16:27","modified_gmt":"2026-03-01T04:16:27","slug":"ceinture-en-cuir-veritable-davina-silver","status":"publish","type":"product","link":"https:\/\/www.martinicabelts.com\/fr\/boutique\/ceinture-en-cuir-veritable-davina-silver\/","title":{"rendered":"Ceinture en cuir v\u00e9ritable Davina Silver"},"content":{"rendered":"<p class=\"\" style=\"text-align: center;\" data-start=\"105\" data-end=\"333\"><strong data-start=\"105\" data-end=\"145\">La ceinture Davina Silver pour femme<\/strong> est un accessoire haut de gamme enti\u00e8rement fabriqu\u00e9 \u00e0 la main, con\u00e7u pour celles qui recherchent un parfait \u00e9quilibre entre artisanat italien, design raffin\u00e9 et d\u00e9tails au style vintage.<\/p>\n<p class=\"\" style=\"text-align: center;\" data-start=\"335\" data-end=\"451\">R\u00e9alis\u00e9e en cuir v\u00e9ritable, elle est id\u00e9ale pour sublimer aussi bien un look d\u00e9contract\u00e9 qu&rsquo;une tenue plus habill\u00e9e.<\/p>\n<p class=\"\" style=\"text-align: center;\" data-start=\"453\" data-end=\"807\">Son design plat, sans couture, rend la ceinture Davina Silver extr\u00eamement polyvalente, confortable \u00e0 porter et parfaite pour celles qui souhaitent un accessoire minimaliste, mais au caract\u00e8re affirm\u00e9.<br data-start=\"653\" data-end=\"656\" \/>Avec une largeur de 1,5 cm, elle se marie facilement avec un jean, un pantalon taille haute ou une robe, apportant une touche sophistiqu\u00e9e et f\u00e9minine.<\/p>\n<p class=\"\" style=\"text-align: center;\" data-start=\"809\" data-end=\"1172\">L\u2019\u00e9l\u00e9ment distinctif de cette ceinture est la pr\u00e9sence de clous ronds en argent vieilli, d\u2019un diam\u00e8tre de 24 mm, dispos\u00e9s \u00e0 intervalles r\u00e9guliers de 7 cm.<br data-start=\"963\" data-end=\"966\" \/>Ces d\u00e9tails m\u00e9talliques au charme r\u00e9tro conf\u00e8rent du caract\u00e8re \u00e0 la ceinture et soulignent son esprit rock-chic.<br data-start=\"1078\" data-end=\"1081\" \/>Chaque clou est appliqu\u00e9 \u00e0 la main, garantissant un rendu soign\u00e9 et visuellement percutant.<\/p>\n<p class=\"\" style=\"text-align: center;\" data-start=\"1174\" data-end=\"1480\">Un autre d\u00e9tail qui rend la ceinture Davina unique est son extr\u00e9mit\u00e9 longue de 20 cm, pens\u00e9e pour \u00eatre nou\u00e9e \u00e9l\u00e9gamment sur le devant, cr\u00e9ant un effet visuel original.<br data-start=\"1341\" data-end=\"1344\" \/>Un trio d\u00e9coratif en argent cisel\u00e9, inspir\u00e9 de motifs ornementaux vintage, ajoute une note pr\u00e9cieuse et raffin\u00e9e \u00e0 l\u2019ensemble du design.<\/p>\n<p class=\"\" style=\"text-align: center;\" data-start=\"1482\" data-end=\"1543\"><strong data-start=\"1482\" data-end=\"1541\">Cette ceinture est id\u00e9ale pour celles qui recherchent<\/strong><\/p>\n<p class=\"\" style=\"text-align: center;\" data-start=\"1546\" data-end=\"1590\">Une ceinture femme en cuir faite \u00e0 la main<br \/>\nUn accessoire au style vintage \u00e9l\u00e9gant<br \/>\nUne ceinture orn\u00e9e de clous en argent vieilli<br \/>\nUne ceinture \u00e0 nouer, sans boucle<br \/>\nUn produit de maroquinerie italienne de haute qualit\u00e9<\/p>\n<p class=\"\" style=\"text-align: center;\" data-start=\"1779\" data-end=\"1938\">Parfaite avec des robes boh\u00e8mes, des jupes longues, des pantalons habill\u00e9s ou un jean, la ceinture Davina Silver s\u2019adapte avec \u00e9l\u00e9gance \u00e0 toutes les occasions.<\/p>\n<p class=\"\" style=\"text-align: center;\" data-start=\"1940\" data-end=\"2035\">Une pi\u00e8ce intemporelle, pens\u00e9e pour celles qui aiment se d\u00e9marquer avec classe et personnalit\u00e9.<\/p>\n","protected":false},"excerpt":{"rendered":"<p class=\"\" data-start=\"599\" data-end=\"1023\">Ceinture pour femme artisanale en cuir v\u00e9ritable, au design plat et sans couture de 15 mm de largeur. Orn\u00e9e de clous sph\u00e9riques en argent vieilli de 24 mm et d\u2019un trio d\u00e9coratif finement grav\u00e9. Le bout effil\u00e9 de 20 cm est con\u00e7u pour \u00eatre nou\u00e9, apportant une touche d\u2019originalit\u00e9 suppl\u00e9mentaire. Un accessoire unique et \u00e9l\u00e9gant, id\u00e9al pour celles qui appr\u00e9cient les d\u00e9tails vintage et la qualit\u00e9 de la maroquinerie italienne.<\/p>\n<p class=\"\" data-start=\"1025\" data-end=\"1097\"><strong data-start=\"1025\" data-end=\"1038\">Mati\u00e8re<\/strong><strong data-start=\"1025\" data-end=\"1038\">:<\/strong> 100 % cuir de vachette tann\u00e9 v\u00e9g\u00e9tal<br data-start=\"1075\" data-end=\"1078\" \/><strong data-start=\"1078\" data-end=\"1091\">Largeur:<\/strong> 15 mm<\/p>\n<p>&nbsp;<\/p>\n","protected":false},"featured_media":12831,"template":"","meta":{"_acf_changed":false,"inline_featured_image":false},"product_brand":[],"product_cat":[844],"product_tag":[],"class_list":{"0":"post-12708","1":"product","2":"type-product","3":"status-publish","4":"has-post-thumbnail","6":"product_cat-ceintures-pour-femme","8":"first","9":"instock","10":"shipping-taxable","11":"purchasable","12":"product-type-variable","13":"has-default-attributes"},"acf":[],"_links":{"self":[{"href":"https:\/\/www.martinicabelts.com\/fr\/wp-json\/wp\/v2\/product\/12708","targetHints":{"allow":["GET"]}}],"collection":[{"href":"https:\/\/www.martinicabelts.com\/fr\/wp-json\/wp\/v2\/product"}],"about":[{"href":"https:\/\/www.martinicabelts.com\/fr\/wp-json\/wp\/v2\/types\/product"}],"wp:featuredmedia":[{"embeddable":true,"href":"https:\/\/www.martinicabelts.com\/fr\/wp-json\/wp\/v2\/media\/12831"}],"wp:attachment":[{"href":"https:\/\/www.martinicabelts.com\/fr\/wp-json\/wp\/v2\/media?parent=12708"}],"wp:term":[{"taxonomy":"product_brand","embeddable":true,"href":"https:\/\/www.martinicabelts.com\/fr\/wp-json\/wp\/v2\/product_brand?post=12708"},{"taxonomy":"product_cat","embeddable":true,"href":"https:\/\/www.martinicabelts.com\/fr\/wp-json\/wp\/v2\/product_cat?post=12708"},{"taxonomy":"product_tag","embeddable":true,"href":"https:\/\/www.martinicabelts.com\/fr\/wp-json\/wp\/v2\/product_tag?post=12708"}],"curies":[{"name":"wp","href":"https:\/\/api.w.org\/{rel}","templated":true}]}}