{"id":12887,"date":"2025-04-11T10:28:34","date_gmt":"2025-04-11T08:28:34","guid":{"rendered":"https:\/\/www.martinicabelts.com\/?post_type=product&#038;p=12887"},"modified":"2026-03-01T05:16:28","modified_gmt":"2026-03-01T04:16:28","slug":"ceinture-en-cuir-veritable-davina-gold","status":"publish","type":"product","link":"https:\/\/www.martinicabelts.com\/fr\/boutique\/ceinture-en-cuir-veritable-davina-gold\/","title":{"rendered":"Ceinture en cuir v\u00e9ritable Davina Gold"},"content":{"rendered":"<p class=\"\" style=\"text-align: center;\" data-start=\"1539\" data-end=\"1843\"><strong data-start=\"1539\" data-end=\"1564\">D\u00e9couvrez Davina Gold<\/strong>, la ceinture pour femme sign\u00e9e Martinica Belts, un v\u00e9ritable exemple de maroquinerie artisanale italienne.<br data-start=\"1671\" data-end=\"1674\" \/>Fabriqu\u00e9e \u00e0 la main en cuir v\u00e9ritable de haute qualit\u00e9, cette ceinture s\u2019adresse \u00e0 celles qui recherchent un accessoire alliant \u00e9l\u00e9gance, personnalit\u00e9 et soin du d\u00e9tail.<\/p>\n<p class=\"\" style=\"text-align: center;\" data-start=\"1845\" data-end=\"2154\">Son design plat, \u00e9pur\u00e9 et moderne s\u2019accorde parfaitement avec un jean ou un pantalon taille haute.<br data-start=\"1943\" data-end=\"1946\" \/>Les clous sph\u00e9riques sont en laiton vieilli, apportant une touche vintage et raffin\u00e9e.<br data-start=\"2032\" data-end=\"2035\" \/>Dispos\u00e9s de mani\u00e8re r\u00e9guli\u00e8re, ces ornements captent la lumi\u00e8re et enrichissent la tenue avec caract\u00e8re et originalit\u00e9.<\/p>\n<p class=\"\" style=\"text-align: center;\" data-start=\"2156\" data-end=\"2415\">La ceinture est sublim\u00e9e par le c\u00e9l\u00e8bre <strong data-start=\"2196\" data-end=\"2224\">trittico d\u00e9coratif grav\u00e9<\/strong>: un d\u00e9tail distinctif qui ajoute une note de sophistication et refl\u00e8te le style unique de la marque.<br data-start=\"2326\" data-end=\"2329\" \/>La fermeture est dot\u00e9e d\u2019un embout allong\u00e9, con\u00e7u pour \u00eatre nou\u00e9 \u00e9l\u00e9gamment \u00e0 l\u2019avant.<\/p>\n<p class=\"\" style=\"text-align: center;\" data-start=\"2417\" data-end=\"2459\"><strong data-start=\"2417\" data-end=\"2459\">Parfaite pour celles qui recherchent\u00a0<\/strong><\/p>\n<p class=\"\" style=\"text-align: center;\" data-start=\"2463\" data-end=\"2508\">Une ceinture pour femme \u00e9l\u00e9gante et moderne<br \/>\nUn accessoire artisanal en cuir v\u00e9ritable Made in Italy<br \/>\nUne ceinture orn\u00e9e de clous dor\u00e9s en laiton vieilli<br \/>\nUn design intemporel, polyvalent et original<\/p>\n<p class=\"\" style=\"text-align: center;\" data-start=\"2673\" data-end=\"2869\">La ceinture Davina Gold est id\u00e9ale pour compl\u00e9ter un look casual-chic, une tenue boh\u00e8me, une robe d\u2019\u00e9t\u00e9 ou une silhouette plus structur\u00e9e, en apportant toujours une touche personnelle et affirm\u00e9e.<\/p>\n<p class=\"\" style=\"text-align: center;\" data-start=\"2871\" data-end=\"2982\">Avec Martinica Belts, vous choisissez la qualit\u00e9 artisanale italienne et un style qui ne passe jamais inaper\u00e7u.<\/p>\n","protected":false},"excerpt":{"rendered":"<p class=\"\" data-start=\"570\" data-end=\"940\"><strong data-start=\"570\" data-end=\"606\">Ceinture femme en cuir v\u00e9ritable<\/strong>, Davina Gold est fabriqu\u00e9e \u00e0 la main en Italie avec du cuir de haute qualit\u00e9. Son design contemporain est sublim\u00e9 par des clous sph\u00e9riques en laiton vieilli et un \u00e9l\u00e9gant trio d\u00e9coratif grav\u00e9, apportant du caract\u00e8re et du raffinement \u00e0 chaque tenue. Un accessoire polyvalent, pens\u00e9 pour celles qui aiment se d\u00e9marquer avec style.<\/p>\n<p class=\"\" data-start=\"942\" data-end=\"1014\"><strong data-start=\"942\" data-end=\"955\">Mati\u00e8re:<\/strong> 100 % cuir de vachette tann\u00e9 v\u00e9g\u00e9tal<br data-start=\"992\" data-end=\"995\" \/><strong data-start=\"995\" data-end=\"1008\">Largeur:<\/strong> 15 mm<\/p>\n<p>&nbsp;<\/p>\n","protected":false},"featured_media":12992,"template":"","meta":{"_acf_changed":false,"inline_featured_image":false},"product_brand":[],"product_cat":[844],"product_tag":[],"class_list":{"0":"post-12887","1":"product","2":"type-product","3":"status-publish","4":"has-post-thumbnail","6":"product_cat-ceintures-pour-femme","8":"first","9":"instock","10":"shipping-taxable","11":"purchasable","12":"product-type-variable","13":"has-default-attributes"},"acf":[],"_links":{"self":[{"href":"https:\/\/www.martinicabelts.com\/fr\/wp-json\/wp\/v2\/product\/12887","targetHints":{"allow":["GET"]}}],"collection":[{"href":"https:\/\/www.martinicabelts.com\/fr\/wp-json\/wp\/v2\/product"}],"about":[{"href":"https:\/\/www.martinicabelts.com\/fr\/wp-json\/wp\/v2\/types\/product"}],"wp:featuredmedia":[{"embeddable":true,"href":"https:\/\/www.martinicabelts.com\/fr\/wp-json\/wp\/v2\/media\/12992"}],"wp:attachment":[{"href":"https:\/\/www.martinicabelts.com\/fr\/wp-json\/wp\/v2\/media?parent=12887"}],"wp:term":[{"taxonomy":"product_brand","embeddable":true,"href":"https:\/\/www.martinicabelts.com\/fr\/wp-json\/wp\/v2\/product_brand?post=12887"},{"taxonomy":"product_cat","embeddable":true,"href":"https:\/\/www.martinicabelts.com\/fr\/wp-json\/wp\/v2\/product_cat?post=12887"},{"taxonomy":"product_tag","embeddable":true,"href":"https:\/\/www.martinicabelts.com\/fr\/wp-json\/wp\/v2\/product_tag?post=12887"}],"curies":[{"name":"wp","href":"https:\/\/api.w.org\/{rel}","templated":true}]}}