{"id":13197,"date":"2025-04-11T10:30:32","date_gmt":"2025-04-11T08:30:32","guid":{"rendered":"https:\/\/www.martinicabelts.com\/?post_type=product&#038;p=13197"},"modified":"2026-03-01T05:16:30","modified_gmt":"2026-03-01T04:16:30","slug":"ceinture-en-cuir-veritable-jasper","status":"publish","type":"product","link":"https:\/\/www.martinicabelts.com\/fr\/boutique\/ceinture-en-cuir-veritable-jasper\/","title":{"rendered":"Ceinture en cuir v\u00e9ritable Jasper"},"content":{"rendered":"<p class=\"\" style=\"text-align: center;\" data-start=\"1652\" data-end=\"2003\"><strong data-start=\"1652\" data-end=\"1672\">D\u00e9couvrez Jasper<\/strong>, la ceinture pour femme sign\u00e9e Martinica Belts, r\u00e9alis\u00e9e avec le plus grand soin artisanal et inspir\u00e9e du style western raffin\u00e9.<br data-start=\"1801\" data-end=\"1804\" \/>Confectionn\u00e9e en cuir v\u00e9ritable italien de haute qualit\u00e9, cette ceinture pr\u00e9sente une structure plate de 30 mm avec bordures et coutures p\u00e9riph\u00e9riques ton sur ton, pour un rendu harmonieux et soign\u00e9.<\/p>\n<p class=\"\" style=\"text-align: center;\" data-start=\"2005\" data-end=\"2413\">Son design associe des clous vintage de 24 mm de diam\u00e8tre \u00e0 des cabochons en pierre color\u00e9e, habilement altern\u00e9s sur toute la longueur de la ceinture.<br data-start=\"2155\" data-end=\"2158\" \/>Chaque cabochon est assorti \u00e0 la couleur du cuir, cr\u00e9ant un effet chromatique \u00e9l\u00e9gant.<br data-start=\"2244\" data-end=\"2247\" \/>L\u2019union du m\u00e9tal et de la pierre conf\u00e8re \u00e0 la ceinture une identit\u00e9 forte, au style western chic, id\u00e9ale pour celles qui recherchent un d\u00e9tail qui fait la diff\u00e9rence.<\/p>\n<p class=\"\" style=\"text-align: center;\" data-start=\"2415\" data-end=\"2693\">Le savoir-faire artisanal italien se refl\u00e8te dans le choix des mat\u00e9riaux, des finitions et de la construction.<br data-start=\"2525\" data-end=\"2528\" \/><strong data-start=\"2528\" data-end=\"2538\">Jasper<\/strong> est con\u00e7ue pour mettre en valeur des tenues f\u00e9minines avec du caract\u00e8re, en ajoutant une touche d\u2019originalit\u00e9 \u00e0 des looks casual, boh\u00e8mes ou country-chic.<\/p>\n<p class=\"\" style=\"text-align: center;\" data-start=\"2695\" data-end=\"2737\"><strong data-start=\"2695\" data-end=\"2737\">Parfaite pour celles qui recherchent<\/strong><\/p>\n<p class=\"\" style=\"text-align: center;\" data-start=\"2740\" data-end=\"2786\">Une ceinture en cuir avec clous et cabochons<br \/>\nUn style western \u00e9l\u00e9gant<br \/>\nUn accessoire avec coutures et finitions ton sur ton<br \/>\nUne qualit\u00e9 artisanale Made in Italy<\/p>\n<p class=\"\" style=\"text-align: center;\" data-start=\"2913\" data-end=\"3140\">La <strong data-start=\"2916\" data-end=\"2935\">ceinture Jasper<\/strong> est id\u00e9ale avec un jean, une jupe taille haute, une robe longue ou un blazer \u00e9vas\u00e9.<br data-start=\"3019\" data-end=\"3022\" \/>Un accessoire qui marie go\u00fbt r\u00e9tro et design contemporain, pens\u00e9 pour des femmes libres, affirm\u00e9es et au style unique.<\/p>\n<p class=\"\" style=\"text-align: center;\" data-start=\"3142\" data-end=\"3246\">Avec <strong data-start=\"3147\" data-end=\"3166\">Martinica Belts<\/strong>, chaque ceinture est une pi\u00e8ce unique, cr\u00e9\u00e9e pour durer et marquer les esprits.<\/p>\n","protected":false},"excerpt":{"rendered":"<p class=\"\" data-start=\"560\" data-end=\"868\"><strong data-start=\"560\" data-end=\"585\">Ceinture femme Jasper<\/strong> en cuir v\u00e9ritable, style western, orn\u00e9e de clous vintage de 24 mm et de cabochons en pierre color\u00e9e assortie.<br data-start=\"695\" data-end=\"698\" \/>Design plat de 30 mm, avec couture p\u00e9riph\u00e9rique et bordures ton sur ton.<br data-start=\"770\" data-end=\"773\" \/>Un accessoire artisanal au style affirm\u00e9 et raffin\u00e9, id\u00e9al pour celles qui aiment se d\u00e9marquer.<\/p>\n<p class=\"\" data-start=\"870\" data-end=\"942\"><strong data-start=\"870\" data-end=\"883\">Mati\u00e8re:<\/strong> 100 % cuir de vachette tann\u00e9 v\u00e9g\u00e9tal<br data-start=\"920\" data-end=\"923\" \/><strong data-start=\"923\" data-end=\"936\">Largeur:<\/strong> 30 mm<\/p>\n<p>&nbsp;<\/p>\n","protected":false},"featured_media":13348,"template":"","meta":{"_acf_changed":false,"inline_featured_image":false},"product_brand":[],"product_cat":[844],"product_tag":[],"class_list":{"0":"post-13197","1":"product","2":"type-product","3":"status-publish","4":"has-post-thumbnail","6":"product_cat-ceintures-pour-femme","8":"first","9":"instock","10":"shipping-taxable","11":"purchasable","12":"product-type-variable","13":"has-default-attributes"},"acf":[],"_links":{"self":[{"href":"https:\/\/www.martinicabelts.com\/fr\/wp-json\/wp\/v2\/product\/13197","targetHints":{"allow":["GET"]}}],"collection":[{"href":"https:\/\/www.martinicabelts.com\/fr\/wp-json\/wp\/v2\/product"}],"about":[{"href":"https:\/\/www.martinicabelts.com\/fr\/wp-json\/wp\/v2\/types\/product"}],"wp:featuredmedia":[{"embeddable":true,"href":"https:\/\/www.martinicabelts.com\/fr\/wp-json\/wp\/v2\/media\/13348"}],"wp:attachment":[{"href":"https:\/\/www.martinicabelts.com\/fr\/wp-json\/wp\/v2\/media?parent=13197"}],"wp:term":[{"taxonomy":"product_brand","embeddable":true,"href":"https:\/\/www.martinicabelts.com\/fr\/wp-json\/wp\/v2\/product_brand?post=13197"},{"taxonomy":"product_cat","embeddable":true,"href":"https:\/\/www.martinicabelts.com\/fr\/wp-json\/wp\/v2\/product_cat?post=13197"},{"taxonomy":"product_tag","embeddable":true,"href":"https:\/\/www.martinicabelts.com\/fr\/wp-json\/wp\/v2\/product_tag?post=13197"}],"curies":[{"name":"wp","href":"https:\/\/api.w.org\/{rel}","templated":true}]}}