{"id":13404,"date":"2025-04-11T10:31:15","date_gmt":"2025-04-11T08:31:15","guid":{"rendered":"https:\/\/www.martinicabelts.com\/?post_type=product&#038;p=13404"},"modified":"2026-03-01T05:16:31","modified_gmt":"2026-03-01T04:16:31","slug":"ceinture-en-cuir-veritable-bonnie","status":"publish","type":"product","link":"https:\/\/www.martinicabelts.com\/fr\/boutique\/ceinture-en-cuir-veritable-bonnie\/","title":{"rendered":"Ceinture en cuir v\u00e9ritable Bonnie"},"content":{"rendered":"<p class=\"\" style=\"text-align: center;\" data-start=\"1512\" data-end=\"1827\"><strong data-start=\"1512\" data-end=\"1522\">Bonnie<\/strong> est la ceinture pour femme sign\u00e9e Martinica Belts qui incarne \u00e0 la perfection le style classique et essentiel, sublim\u00e9 par un artisanat d\u2019exception.<br data-start=\"1671\" data-end=\"1674\" \/>R\u00e9alis\u00e9e en cuir v\u00e9ritable teint \u00e0 la main, elle s\u2019adresse \u00e0 celles qui recherchent une \u00e9l\u00e9gance intemporelle et une qualit\u00e9 pr\u00e9sente dans chaque d\u00e9tail.<\/p>\n<p class=\"\" style=\"text-align: center;\" data-start=\"1829\" data-end=\"2011\">Le mod\u00e8le bomb\u00e9 de 20 mm, fini avec un bord noir, offre une silhouette raffin\u00e9e et f\u00e9minine.<br data-start=\"1921\" data-end=\"1924\" \/>Les 10 trous r\u00e9partis sur la longueur assurent un ajustement polyvalent et confortable.<\/p>\n<p class=\"\" style=\"text-align: center;\" data-start=\"2013\" data-end=\"2301\">Le design est rehauss\u00e9 par un trio d\u00e9coratif en laiton dor\u00e9, qui apporte une touche d\u2019\u00e9l\u00e9gance lumineuse et discr\u00e8te.<br data-start=\"2130\" data-end=\"2133\" \/>L\u2019association des finitions m\u00e9talliques et du cuir teint \u00e0 la main conf\u00e8re \u00e0 <strong data-start=\"2210\" data-end=\"2220\">Bonnie<\/strong> un style \u00e9quilibr\u00e9, parfait pour accompagner les tenues de jour comme de soir\u00e9e.<\/p>\n<p class=\"\" style=\"text-align: center;\" data-start=\"2303\" data-end=\"2345\"><strong data-start=\"2303\" data-end=\"2345\">Parfaite pour celles qui recherchent :<\/strong><\/p>\n<p class=\"\" style=\"text-align: center;\" data-start=\"2348\" data-end=\"2396\">Une ceinture femme classique en cuir v\u00e9ritable<br \/>\nUn accessoire bomb\u00e9 avec bord noir<br \/>\nUn style intemporel avec des d\u00e9tails dor\u00e9s<br \/>\nUn artisanat italien de haute qualit\u00e9<\/p>\n<p class=\"\" style=\"text-align: center;\" data-start=\"2524\" data-end=\"2805\">La <strong data-start=\"2527\" data-end=\"2546\">ceinture Bonnie<\/strong> est id\u00e9ale pour compl\u00e9ter des pantalons habill\u00e9s, des jupes midi, des robes \u00e9l\u00e9gantes ou des looks professionnels.<br data-start=\"2661\" data-end=\"2664\" \/>Un accessoire au charme discret mais affirm\u00e9, qui allie tradition et modernit\u00e9, con\u00e7u pour les femmes qui aiment se d\u00e9marquer avec subtilit\u00e9.<\/p>\n<p class=\"\" style=\"text-align: center;\" data-start=\"2807\" data-end=\"2905\">Avec <strong data-start=\"2812\" data-end=\"2831\">Martinica Belts<\/strong>, chaque ceinture est un symbole d\u2019authenticit\u00e9 et de style Made in Italy.<\/p>\n","protected":false},"excerpt":{"rendered":"<p class=\"\" data-start=\"528\" data-end=\"795\"><strong data-start=\"528\" data-end=\"553\">Ceinture femme Bonnie<\/strong> en cuir v\u00e9ritable teint \u00e0 la main, bomb\u00e9e et finie avec un bord noir. Mod\u00e8le de 20 mm de largeur avec 10 trous, sublim\u00e9 par un \u00e9l\u00e9gant trio dor\u00e9 raffin\u00e9.<br data-start=\"709\" data-end=\"712\" \/>Un accessoire classique et intemporel, reflet de l\u2019excellence artisanale italienne.<\/p>\n<p class=\"\" data-start=\"797\" data-end=\"875\"><strong data-start=\"797\" data-end=\"810\">Mati\u00e8re:<\/strong> 100 % cuir de vachette lisse tann\u00e9 v\u00e9g\u00e9tal<br data-start=\"853\" data-end=\"856\" \/><strong data-start=\"856\" data-end=\"869\">Largeur:<\/strong> 20 mm<\/p>\n","protected":false},"featured_media":13704,"template":"","meta":{"_acf_changed":false,"inline_featured_image":false},"product_brand":[],"product_cat":[844],"product_tag":[],"class_list":{"0":"post-13404","1":"product","2":"type-product","3":"status-publish","4":"has-post-thumbnail","6":"product_cat-ceintures-pour-femme","8":"first","9":"instock","10":"shipping-taxable","11":"purchasable","12":"product-type-variable","13":"has-default-attributes"},"acf":[],"_links":{"self":[{"href":"https:\/\/www.martinicabelts.com\/fr\/wp-json\/wp\/v2\/product\/13404","targetHints":{"allow":["GET"]}}],"collection":[{"href":"https:\/\/www.martinicabelts.com\/fr\/wp-json\/wp\/v2\/product"}],"about":[{"href":"https:\/\/www.martinicabelts.com\/fr\/wp-json\/wp\/v2\/types\/product"}],"wp:featuredmedia":[{"embeddable":true,"href":"https:\/\/www.martinicabelts.com\/fr\/wp-json\/wp\/v2\/media\/13704"}],"wp:attachment":[{"href":"https:\/\/www.martinicabelts.com\/fr\/wp-json\/wp\/v2\/media?parent=13404"}],"wp:term":[{"taxonomy":"product_brand","embeddable":true,"href":"https:\/\/www.martinicabelts.com\/fr\/wp-json\/wp\/v2\/product_brand?post=13404"},{"taxonomy":"product_cat","embeddable":true,"href":"https:\/\/www.martinicabelts.com\/fr\/wp-json\/wp\/v2\/product_cat?post=13404"},{"taxonomy":"product_tag","embeddable":true,"href":"https:\/\/www.martinicabelts.com\/fr\/wp-json\/wp\/v2\/product_tag?post=13404"}],"curies":[{"name":"wp","href":"https:\/\/api.w.org\/{rel}","templated":true}]}}