{"id":13503,"date":"2025-04-11T10:33:44","date_gmt":"2025-04-11T08:33:44","guid":{"rendered":"https:\/\/www.martinicabelts.com\/?post_type=product&#038;p=13503"},"modified":"2026-03-01T05:16:33","modified_gmt":"2026-03-01T04:16:33","slug":"ceinture-en-cuir-veritable-alice","status":"publish","type":"product","link":"https:\/\/www.martinicabelts.com\/fr\/boutique\/ceinture-en-cuir-veritable-alice\/","title":{"rendered":"Ceinture en cuir v\u00e9ritable Alice"},"content":{"rendered":"<p class=\"\" style=\"text-align: center;\" data-start=\"141\" data-end=\"473\"><strong data-start=\"141\" data-end=\"160\">D\u00e9couvrez Alice<\/strong>, la ceinture pour femme sign\u00e9e Martinica Belts, un accessoire en cuir v\u00e9ritable qui allie \u00e9l\u00e9gance artisanale et go\u00fbt contemporain.<br data-start=\"292\" data-end=\"295\" \/>Fabriqu\u00e9e \u00e0 la main en cuir v\u00e9ritable teint en pi\u00e8ce, <strong data-start=\"349\" data-end=\"358\">Alice<\/strong> est con\u00e7ue pour celles qui recherchent un look soign\u00e9 dans les moindres d\u00e9tails, avec un style moderne et f\u00e9minin.<\/p>\n<p class=\"\" style=\"text-align: center;\" data-start=\"475\" data-end=\"677\">Le mod\u00e8le bomb\u00e9 de 30 mm de hauteur est fini artisanalement avec un bord noir, pour cr\u00e9er un contraste marqu\u00e9 et raffin\u00e9.<br data-start=\"596\" data-end=\"599\" \/>La ceinture dispose de 5 trous, assurant un ajustement parfait et confortable.<\/p>\n<p class=\"\" style=\"text-align: center;\" data-start=\"679\" data-end=\"968\">L\u2019\u00e9l\u00e9ment phare est repr\u00e9sent\u00e9 par les passants en m\u00e9tal \u00e0 double galvanisation, une combinaison sophistiqu\u00e9e d\u2019argent poli et de canon de fusil, qui apporte dynamisme et \u00e9l\u00e9gance.<br data-start=\"859\" data-end=\"862\" \/>La boucle assortie, dans le m\u00eame style que les passants, compl\u00e8te le design avec coh\u00e9rence et distinction.<\/p>\n<p class=\"\" style=\"text-align: center;\" data-start=\"970\" data-end=\"1014\"><strong data-start=\"970\" data-end=\"1012\">Parfaite pour celles qui recherchent<\/strong><\/p>\n<p class=\"\" style=\"text-align: center;\" data-start=\"1017\" data-end=\"1069\">Une ceinture pour femme \u00e9l\u00e9gante en cuir artisanal<br \/>\nUn design bomb\u00e9 avec bord noir et finitions m\u00e9talliques de qualit\u00e9<br \/>\nUn style moderne et raffin\u00e9<br \/>\nUn accessoire Made in Italy, polyvalent pour toutes les occasions<\/p>\n<p class=\"\" style=\"text-align: center;\" data-start=\"1242\" data-end=\"1494\">La <strong data-start=\"1245\" data-end=\"1263\">ceinture Alice<\/strong> est id\u00e9ale pour mettre en valeur des pantalons habill\u00e9s, des robes midi, des blazers ou des tenues de bureau avec une touche sophistiqu\u00e9e.<br data-start=\"1402\" data-end=\"1405\" \/>Un accessoire pens\u00e9 pour les femmes qui aiment se distinguer avec discr\u00e9tion et \u00e9l\u00e9gance.<\/p>\n<p class=\"\" style=\"text-align: center;\" data-start=\"1496\" data-end=\"1589\">Avec <strong data-start=\"1501\" data-end=\"1520\">Martinica Belts<\/strong>, la tradition artisanale italienne rencontre le design contemporain.<\/p>\n","protected":false},"excerpt":{"rendered":"<p class=\"\" data-start=\"499\" data-end=\"763\"><strong data-start=\"499\" data-end=\"523\">Ceinture femme Alice<\/strong> en cuir v\u00e9ritable teint \u00e0 la main, bomb\u00e9e et finie avec un bord noir. Mod\u00e8le avec 5 trous, passants en m\u00e9tal \u00e0 double finition argent poli et canon de fusil, avec boucle assortie.<br data-start=\"705\" data-end=\"708\" \/>Un accessoire \u00e9l\u00e9gant, au style moderne et sophistiqu\u00e9.<\/p>\n<p class=\"\" data-start=\"765\" data-end=\"843\"><strong data-start=\"765\" data-end=\"778\">Mati\u00e8re:<\/strong> 100 % cuir de vachette lisse tann\u00e9 v\u00e9g\u00e9tal<br data-start=\"821\" data-end=\"824\" \/><strong data-start=\"824\" data-end=\"837\">Largeur:<\/strong> 30 mm<\/p>\n","protected":false},"featured_media":13626,"template":"","meta":{"_acf_changed":false,"inline_featured_image":false},"product_brand":[],"product_cat":[844],"product_tag":[],"class_list":{"0":"post-13503","1":"product","2":"type-product","3":"status-publish","4":"has-post-thumbnail","6":"product_cat-ceintures-pour-femme","8":"first","9":"instock","10":"shipping-taxable","11":"purchasable","12":"product-type-variable","13":"has-default-attributes"},"acf":[],"_links":{"self":[{"href":"https:\/\/www.martinicabelts.com\/fr\/wp-json\/wp\/v2\/product\/13503","targetHints":{"allow":["GET"]}}],"collection":[{"href":"https:\/\/www.martinicabelts.com\/fr\/wp-json\/wp\/v2\/product"}],"about":[{"href":"https:\/\/www.martinicabelts.com\/fr\/wp-json\/wp\/v2\/types\/product"}],"wp:featuredmedia":[{"embeddable":true,"href":"https:\/\/www.martinicabelts.com\/fr\/wp-json\/wp\/v2\/media\/13626"}],"wp:attachment":[{"href":"https:\/\/www.martinicabelts.com\/fr\/wp-json\/wp\/v2\/media?parent=13503"}],"wp:term":[{"taxonomy":"product_brand","embeddable":true,"href":"https:\/\/www.martinicabelts.com\/fr\/wp-json\/wp\/v2\/product_brand?post=13503"},{"taxonomy":"product_cat","embeddable":true,"href":"https:\/\/www.martinicabelts.com\/fr\/wp-json\/wp\/v2\/product_cat?post=13503"},{"taxonomy":"product_tag","embeddable":true,"href":"https:\/\/www.martinicabelts.com\/fr\/wp-json\/wp\/v2\/product_tag?post=13503"}],"curies":[{"name":"wp","href":"https:\/\/api.w.org\/{rel}","templated":true}]}}