{"id":13754,"date":"2025-04-11T10:35:36","date_gmt":"2025-04-11T08:35:36","guid":{"rendered":"https:\/\/www.martinicabelts.com\/?post_type=product&#038;p=13754"},"modified":"2026-03-01T05:16:34","modified_gmt":"2026-03-01T04:16:34","slug":"ceinture-en-cuir-veritable-mastie","status":"publish","type":"product","link":"https:\/\/www.martinicabelts.com\/fr\/boutique\/ceinture-en-cuir-veritable-mastie\/","title":{"rendered":"Ceinture en cuir v\u00e9ritable Mastie"},"content":{"rendered":"<p class=\"\" style=\"text-align: center;\" data-start=\"1518\" data-end=\"1839\"><strong data-start=\"1518\" data-end=\"1538\">D\u00e9couvrez Mastie<\/strong>, la ceinture pour femme sign\u00e9e Martinica Belts\u2014un accessoire qui allie savoir-faire artisanal, mat\u00e9riaux naturels et style inimitable.<br data-start=\"1673\" data-end=\"1676\" \/>Confectionn\u00e9e en cuir nappa v\u00e9g\u00e9tal, repass\u00e9, teint et cir\u00e9 \u00e0 la main, <strong data-start=\"1747\" data-end=\"1757\">Mastie<\/strong> pr\u00e9sente un effet vintage raffin\u00e9 qui rend chaque pi\u00e8ce unique et exceptionnelle.<\/p>\n<p class=\"\" style=\"text-align: center;\" data-start=\"1841\" data-end=\"2156\">Sa structure est compos\u00e9e d\u2019un \u00e9l\u00e9gant tressage \u00e0 4 brins, qui donne \u00e0 la ceinture une texture dynamique et sophistiqu\u00e9e, id\u00e9ale pour sublimer aussi bien les tenues casual que les looks plus \u00e9l\u00e9gants.<br data-start=\"2041\" data-end=\"2044\" \/>Le traitement cir\u00e9 met en valeur les nuances naturelles du cuir, lui apportant douceur, brillance et profondeur.<\/p>\n<p class=\"\" style=\"text-align: center;\" data-start=\"2158\" data-end=\"2324\">Les d\u00e9tails font toute la diff\u00e9rence : la ceinture est orn\u00e9e d\u2019un <strong data-start=\"2224\" data-end=\"2246\">trittico en argent<\/strong> et d\u2019un <strong data-start=\"2255\" data-end=\"2277\">cabochon turquoise<\/strong>, ajoutant une touche pr\u00e9cieuse et boh\u00e8me-chic.<\/p>\n<p class=\"\" style=\"text-align: center;\" data-start=\"2326\" data-end=\"2368\"><strong data-start=\"2326\" data-end=\"2368\">Parfaite pour celles qui recherchent<\/strong><\/p>\n<p class=\"\" style=\"text-align: center;\" data-start=\"2371\" data-end=\"2426\">Une ceinture tress\u00e9e artisanale en cuir nappa v\u00e9g\u00e9tal<br \/>\nUn look vintage et \u00e9l\u00e9gant<br \/>\nDes d\u00e9tails exclusifs comme un cabochon en pierre turquoise<br \/>\nUn accessoire boh\u00e8me-chic et sophistiqu\u00e9<br \/>\nL\u2019authenticit\u00e9 de l\u2019artisanat Made in Italy<\/p>\n<p class=\"\" style=\"text-align: center;\" data-start=\"2614\" data-end=\"2889\">La <strong data-start=\"2617\" data-end=\"2636\">ceinture Mastie<\/strong> s\u2019harmonise parfaitement avec des robes longues, des jupes en lin, des pantalons flare ou des tenues boh\u00e8mes.<br data-start=\"2746\" data-end=\"2749\" \/>Polyvalente et pleine de personnalit\u00e9, c\u2019est l\u2019accessoire id\u00e9al pour les femmes qui aiment affirmer leur style avec originalit\u00e9 et \u00e9l\u00e9gance.<\/p>\n<p class=\"\" style=\"text-align: center;\" data-start=\"2891\" data-end=\"2964\">Avec <strong data-start=\"2896\" data-end=\"2915\">Martinica Belts<\/strong>, l\u2019excellence des mat\u00e9riaux se tresse au design.<\/p>\n","protected":false},"excerpt":{"rendered":"<p class=\"\" data-start=\"531\" data-end=\"808\"><strong data-start=\"531\" data-end=\"556\">Ceinture femme Mastie<\/strong>, tress\u00e9e \u00e0 4 brins en cuir nappa v\u00e9g\u00e9tal cir\u00e9 \u00e0 effet vintage. Orn\u00e9e de d\u00e9tails en argent et d\u2019un cabochon turquoise. Mod\u00e8le de 25 mm, tamponn\u00e9 et fini \u00e0 la main, avec passant en m\u00e9tal assorti \u00e0 la boucle.<br data-start=\"766\" data-end=\"769\" \/>Un style \u00e9l\u00e9gant, boh\u00e8me et polyvalent.<\/p>\n<p class=\"\" data-start=\"810\" data-end=\"879\"><strong data-start=\"810\" data-end=\"823\">Mati\u00e8re:<\/strong> 100 % cuir d\u2019agneau tann\u00e9 v\u00e9g\u00e9tal<br data-start=\"857\" data-end=\"860\" \/><strong data-start=\"860\" data-end=\"873\">Largeur:<\/strong> 25 mm<\/p>\n<p>&nbsp;<\/p>\n","protected":false},"featured_media":13853,"template":"","meta":{"_acf_changed":false,"inline_featured_image":false},"product_brand":[],"product_cat":[844],"product_tag":[],"class_list":{"0":"post-13754","1":"product","2":"type-product","3":"status-publish","4":"has-post-thumbnail","6":"product_cat-ceintures-pour-femme","8":"first","9":"instock","10":"shipping-taxable","11":"purchasable","12":"product-type-variable","13":"has-default-attributes"},"acf":[],"_links":{"self":[{"href":"https:\/\/www.martinicabelts.com\/fr\/wp-json\/wp\/v2\/product\/13754","targetHints":{"allow":["GET"]}}],"collection":[{"href":"https:\/\/www.martinicabelts.com\/fr\/wp-json\/wp\/v2\/product"}],"about":[{"href":"https:\/\/www.martinicabelts.com\/fr\/wp-json\/wp\/v2\/types\/product"}],"wp:featuredmedia":[{"embeddable":true,"href":"https:\/\/www.martinicabelts.com\/fr\/wp-json\/wp\/v2\/media\/13853"}],"wp:attachment":[{"href":"https:\/\/www.martinicabelts.com\/fr\/wp-json\/wp\/v2\/media?parent=13754"}],"wp:term":[{"taxonomy":"product_brand","embeddable":true,"href":"https:\/\/www.martinicabelts.com\/fr\/wp-json\/wp\/v2\/product_brand?post=13754"},{"taxonomy":"product_cat","embeddable":true,"href":"https:\/\/www.martinicabelts.com\/fr\/wp-json\/wp\/v2\/product_cat?post=13754"},{"taxonomy":"product_tag","embeddable":true,"href":"https:\/\/www.martinicabelts.com\/fr\/wp-json\/wp\/v2\/product_tag?post=13754"}],"curies":[{"name":"wp","href":"https:\/\/api.w.org\/{rel}","templated":true}]}}