{"id":13909,"date":"2025-04-11T10:34:47","date_gmt":"2025-04-11T08:34:47","guid":{"rendered":"https:\/\/www.martinicabelts.com\/?post_type=product&#038;p=13909"},"modified":"2026-03-01T05:16:35","modified_gmt":"2026-03-01T04:16:35","slug":"ceinture-en-cuir-veritable-pannie","status":"publish","type":"product","link":"https:\/\/www.martinicabelts.com\/fr\/boutique\/ceinture-en-cuir-veritable-pannie\/","title":{"rendered":"Ceinture en cuir v\u00e9ritable Pannie"},"content":{"rendered":"<p class=\"\" style=\"text-align: center;\" data-start=\"1604\" data-end=\"1965\"><strong data-start=\"1604\" data-end=\"1624\">D\u00e9couvrez Pannie<\/strong>, la ceinture tress\u00e9e pour femme sign\u00e9e Martinica Belts\u2014une alliance parfaite d\u2019\u00e9l\u00e9gance artisanale, de mat\u00e9riaux nobles et de design raffin\u00e9.<br data-start=\"1766\" data-end=\"1769\" \/>Confectionn\u00e9e en cuir nappa v\u00e9g\u00e9tal lav\u00e9, repass\u00e9 et teint \u00e0 la main, <strong data-start=\"1839\" data-end=\"1849\">Pannie<\/strong> pr\u00e9sente un v\u00e9ritable effet vintage qui conf\u00e8re au cuir une texture souple, patin\u00e9e et riche en nuances naturelles.<\/p>\n<p class=\"\" style=\"text-align: center;\" data-start=\"1967\" data-end=\"2351\">Le tressage \u00e0 <strong data-start=\"1981\" data-end=\"1992\">6 brins<\/strong> garantit une structure pleine et solide, id\u00e9ale pour sublimer toutes les silhouettes.<br data-start=\"2078\" data-end=\"2081\" \/>Avec une hauteur de <strong data-start=\"2101\" data-end=\"2110\">35 mm<\/strong>, ce mod\u00e8le plus haut que la moyenne est parfait pour \u00eatre port\u00e9 sur des robes, des maxi-cardigans ou des pantalons taille haute, apportant structure et style \u00e0 la tenue.<br data-start=\"2280\" data-end=\"2283\" \/>Les bords lat\u00e9raux cir\u00e9s offrent une finition impeccable et durable.<\/p>\n<p class=\"\" style=\"text-align: center;\" data-start=\"2353\" data-end=\"2469\">L\u2019\u00e9l\u00e9gance de la ceinture est soulign\u00e9e par le <strong data-start=\"2400\" data-end=\"2430\">trittico en laiton vieilli<\/strong>, orn\u00e9 d\u2019un d\u00e9licat motif d\u2019\u00e9pi de bl\u00e9.<\/p>\n<p class=\"\" style=\"text-align: center;\" data-start=\"2471\" data-end=\"2513\"><strong data-start=\"2471\" data-end=\"2513\">Parfaite pour celles qui recherchent :<\/strong><\/p>\n<p class=\"\" style=\"text-align: center;\" data-start=\"2516\" data-end=\"2571\">Une ceinture tress\u00e9e artisanale en cuir nappa v\u00e9g\u00e9tal<br \/>\nUn design vintage et \u00e9l\u00e9gant avec des finitions cir\u00e9es<br \/>\nDes d\u00e9tails exclusifs comme le trittico en laiton vieilli \u00e0 motif \u00e9pi<br \/>\nLa qualit\u00e9 et l\u2019authenticit\u00e9 de la maroquinerie italienne<\/p>\n<p class=\"\" style=\"text-align: center;\" data-start=\"2766\" data-end=\"3015\">La <strong data-start=\"2769\" data-end=\"2788\">ceinture Pannie<\/strong> est id\u00e9ale pour des tenues boh\u00e8mes, casual chic ou \u00e9l\u00e9gantes.<br data-start=\"2850\" data-end=\"2853\" \/>Elle s\u2019accorde facilement avec des robes longues, des jupes maxi, des blazers ou des pantalons larges, en ajoutant toujours une touche de classe et d\u2019originalit\u00e9.<\/p>\n<p class=\"\" style=\"text-align: center;\" data-start=\"3017\" data-end=\"3144\">Avec <strong data-start=\"3022\" data-end=\"3041\">Martinica Belts<\/strong>, vous choisissez un accessoire qui raconte une histoire de style, de tradition et d\u2019artisanat italien.<\/p>\n","protected":false},"excerpt":{"rendered":"<p class=\"\" data-start=\"496\" data-end=\"766\"><strong data-start=\"496\" data-end=\"521\">Ceinture femme Pannie<\/strong>, tress\u00e9e \u00e0 6 brins en cuir nappa v\u00e9g\u00e9tal \u00e0 effet vintage, tamponn\u00e9e et cir\u00e9e sur les c\u00f4t\u00e9s. Orn\u00e9e d\u2019un trittico en laiton vieilli avec un motif raffin\u00e9 d\u2019\u00e9pi de bl\u00e9. Un accessoire artisanal et sophistiqu\u00e9, parfait pour toutes les occasions.<\/p>\n<p class=\"\" data-start=\"768\" data-end=\"837\"><strong data-start=\"768\" data-end=\"781\">Mati\u00e8re:<\/strong> 100 % cuir d\u2019agneau tann\u00e9 v\u00e9g\u00e9tal<br data-start=\"815\" data-end=\"818\" \/><strong data-start=\"818\" data-end=\"831\">Largeur<\/strong><strong data-start=\"818\" data-end=\"831\">:<\/strong> 35 mm<\/p>\n<p>&nbsp;<\/p>\n","protected":false},"featured_media":14017,"template":"","meta":{"_acf_changed":false,"inline_featured_image":false},"product_brand":[],"product_cat":[844],"product_tag":[],"class_list":{"0":"post-13909","1":"product","2":"type-product","3":"status-publish","4":"has-post-thumbnail","6":"product_cat-ceintures-pour-femme","8":"first","9":"instock","10":"shipping-taxable","11":"purchasable","12":"product-type-variable","13":"has-default-attributes"},"acf":[],"_links":{"self":[{"href":"https:\/\/www.martinicabelts.com\/fr\/wp-json\/wp\/v2\/product\/13909","targetHints":{"allow":["GET"]}}],"collection":[{"href":"https:\/\/www.martinicabelts.com\/fr\/wp-json\/wp\/v2\/product"}],"about":[{"href":"https:\/\/www.martinicabelts.com\/fr\/wp-json\/wp\/v2\/types\/product"}],"wp:featuredmedia":[{"embeddable":true,"href":"https:\/\/www.martinicabelts.com\/fr\/wp-json\/wp\/v2\/media\/14017"}],"wp:attachment":[{"href":"https:\/\/www.martinicabelts.com\/fr\/wp-json\/wp\/v2\/media?parent=13909"}],"wp:term":[{"taxonomy":"product_brand","embeddable":true,"href":"https:\/\/www.martinicabelts.com\/fr\/wp-json\/wp\/v2\/product_brand?post=13909"},{"taxonomy":"product_cat","embeddable":true,"href":"https:\/\/www.martinicabelts.com\/fr\/wp-json\/wp\/v2\/product_cat?post=13909"},{"taxonomy":"product_tag","embeddable":true,"href":"https:\/\/www.martinicabelts.com\/fr\/wp-json\/wp\/v2\/product_tag?post=13909"}],"curies":[{"name":"wp","href":"https:\/\/api.w.org\/{rel}","templated":true}]}}