{"id":14067,"date":"2025-04-11T10:40:35","date_gmt":"2025-04-11T08:40:35","guid":{"rendered":"https:\/\/www.martinicabelts.com\/?post_type=product&#038;p=14067"},"modified":"2026-03-01T05:16:37","modified_gmt":"2026-03-01T04:16:37","slug":"ceinture-en-cuir-veritable-june","status":"publish","type":"product","link":"https:\/\/www.martinicabelts.com\/fr\/boutique\/ceinture-en-cuir-veritable-june\/","title":{"rendered":"Ceinture en cuir v\u00e9ritable June"},"content":{"rendered":"<p class=\"\" style=\"text-align: center;\" data-start=\"1753\" data-end=\"2197\"><strong data-start=\"1753\" data-end=\"1771\">D\u00e9couvrez June<\/strong>, la ceinture pour femme sign\u00e9e Martinica Belts\u2014un accessoire au design original et raffin\u00e9, qui r\u00e9interpr\u00e8te \u00e0 merveille <strong data-start=\"1893\" data-end=\"1937\">le style m\u00e9tal dans une version f\u00e9minine<\/strong>.<br data-start=\"1938\" data-end=\"1941\" \/>La ceinture est compos\u00e9e d\u2019une s\u00e9rie d\u2019<strong data-start=\"1980\" data-end=\"2000\">anneaux de 20 mm<\/strong>, autour desquels sont <strong data-start=\"2023\" data-end=\"2067\">tress\u00e9es \u00e0 la main des bandes bi-mati\u00e8re<\/strong>, alliant <strong data-start=\"2077\" data-end=\"2121\">cuir de vachette v\u00e9g\u00e9tal teint \u00e0 la main<\/strong> et l\u2019\u00e9l\u00e9gance exotique de <strong data-start=\"2148\" data-end=\"2160\">l\u2019elaphe<\/strong>, un mat\u00e9riau naturel et sophistiqu\u00e9.<\/p>\n<p class=\"\" style=\"text-align: center;\" data-start=\"2199\" data-end=\"2472\">Chaque tressage est fix\u00e9 par une <strong data-start=\"2232\" data-end=\"2254\">demi-sph\u00e8re grav\u00e9e<\/strong>, mettant en valeur le contraste entre le m\u00e9tal et le cuir.<br data-start=\"2313\" data-end=\"2316\" \/>La ceinture se ferme avec un <strong data-start=\"2345\" data-end=\"2367\">mousqueton argent\u00e9<\/strong> au style affirm\u00e9 mais \u00e9l\u00e9gant, tandis que le <strong data-start=\"2413\" data-end=\"2429\">bout en cuir<\/strong> apporte une touche artisanale et tendance.<\/p>\n<p class=\"\" style=\"text-align: center;\" data-start=\"2474\" data-end=\"2895\">Parfaitement en accord avec les <strong data-start=\"2506\" data-end=\"2538\">tendances mode printemps-\u00e9t\u00e9<\/strong>, dans un esprit <strong data-start=\"2555\" data-end=\"2577\">m\u00e9tal contemporain<\/strong>, <strong data-start=\"2579\" data-end=\"2587\">June<\/strong> est pens\u00e9e pour les femmes qui souhaitent se d\u00e9marquer avec un accessoire audacieux, moderne et riche en d\u00e9tails.<br data-start=\"2701\" data-end=\"2704\" \/>Le travail fait main et le choix de mat\u00e9riaux haut de gamme font de cette ceinture une <strong data-start=\"2791\" data-end=\"2809\">pi\u00e8ce iconique<\/strong>, id\u00e9ale \u00e0 porter sur une robe fluide, un blazer oversize ou un pantalon taille haute.<\/p>\n<p class=\"\" style=\"text-align: center;\" data-start=\"2897\" data-end=\"2939\"><strong data-start=\"2897\" data-end=\"2939\">Parfaite pour celles qui recherchent<\/strong><\/p>\n<p class=\"\" style=\"text-align: center;\" data-start=\"2942\" data-end=\"2990\">Une ceinture femme au style m\u00e9tal contemporain<br \/>\nUn design en cha\u00eene avec anneaux tress\u00e9s \u00e0 la main<br \/>\nDes mat\u00e9riaux nobles : cuir de vachette v\u00e9g\u00e9tal et elaphe<br \/>\nDes d\u00e9tails raffin\u00e9s : clous grav\u00e9s et mousqueton argent\u00e9<br \/>\nUn accessoire tendance, artisanal et Made in Italy<\/p>\n<p class=\"\" style=\"text-align: center;\" data-start=\"3224\" data-end=\"3347\">Avec la <strong data-start=\"3232\" data-end=\"3249\">ceinture June<\/strong>, chaque look gagne en force et en f\u00e9minit\u00e9, avec l\u2019inimitable qualit\u00e9 sign\u00e9e <strong data-start=\"3327\" data-end=\"3346\">Martinica Belts<\/strong>.<\/p>\n","protected":false},"excerpt":{"rendered":"<p class=\"\" data-start=\"596\" data-end=\"957\"><strong data-start=\"596\" data-end=\"619\">Ceinture femme June<\/strong> au style m\u00e9tal, compos\u00e9e d\u2019<strong data-start=\"647\" data-end=\"675\">anneaux de 20 mm tress\u00e9s<\/strong> avec des bandes en cuir de vachette v\u00e9g\u00e9tal teint \u00e0 la main et en elaphe. Chaque tressage est fix\u00e9 par des <strong data-start=\"785\" data-end=\"813\">clous demi-sph\u00e8re grav\u00e9s<\/strong>. Fermeture avec un <strong data-start=\"835\" data-end=\"857\">mousqueton argent\u00e9<\/strong> et <strong data-start=\"861\" data-end=\"877\">bout en cuir<\/strong>.<br data-start=\"878\" data-end=\"881\" \/>Un accessoire mode, id\u00e9al pour le printemps-\u00e9t\u00e9, dans un esprit 100 % m\u00e9tal.<\/p>\n<p class=\"\" data-start=\"959\" data-end=\"1029\"><strong data-start=\"959\" data-end=\"972\">Mati\u00e8re:<\/strong> Cuir de vachette v\u00e9g\u00e9tal et elaphe<br data-start=\"1007\" data-end=\"1010\" \/><strong data-start=\"1010\" data-end=\"1023\">Largeur:<\/strong> 20 mm<\/p>\n<p>&nbsp;<\/p>\n","protected":false},"featured_media":14172,"template":"","meta":{"_acf_changed":false,"inline_featured_image":false},"product_brand":[],"product_cat":[844],"product_tag":[],"class_list":{"0":"post-14067","1":"product","2":"type-product","3":"status-publish","4":"has-post-thumbnail","6":"product_cat-ceintures-pour-femme","8":"first","9":"instock","10":"shipping-taxable","11":"purchasable","12":"product-type-variable","13":"has-default-attributes"},"acf":[],"_links":{"self":[{"href":"https:\/\/www.martinicabelts.com\/fr\/wp-json\/wp\/v2\/product\/14067","targetHints":{"allow":["GET"]}}],"collection":[{"href":"https:\/\/www.martinicabelts.com\/fr\/wp-json\/wp\/v2\/product"}],"about":[{"href":"https:\/\/www.martinicabelts.com\/fr\/wp-json\/wp\/v2\/types\/product"}],"wp:featuredmedia":[{"embeddable":true,"href":"https:\/\/www.martinicabelts.com\/fr\/wp-json\/wp\/v2\/media\/14172"}],"wp:attachment":[{"href":"https:\/\/www.martinicabelts.com\/fr\/wp-json\/wp\/v2\/media?parent=14067"}],"wp:term":[{"taxonomy":"product_brand","embeddable":true,"href":"https:\/\/www.martinicabelts.com\/fr\/wp-json\/wp\/v2\/product_brand?post=14067"},{"taxonomy":"product_cat","embeddable":true,"href":"https:\/\/www.martinicabelts.com\/fr\/wp-json\/wp\/v2\/product_cat?post=14067"},{"taxonomy":"product_tag","embeddable":true,"href":"https:\/\/www.martinicabelts.com\/fr\/wp-json\/wp\/v2\/product_tag?post=14067"}],"curies":[{"name":"wp","href":"https:\/\/api.w.org\/{rel}","templated":true}]}}