{"id":14329,"date":"2025-04-11T10:37:05","date_gmt":"2025-04-11T08:37:05","guid":{"rendered":"https:\/\/www.martinicabelts.com\/?post_type=product&#038;p=14329"},"modified":"2026-03-01T05:16:35","modified_gmt":"2026-03-01T04:16:35","slug":"ceinture-en-cuir-veritable-blazy","status":"publish","type":"product","link":"https:\/\/www.martinicabelts.com\/fr\/boutique\/ceinture-en-cuir-veritable-blazy\/","title":{"rendered":"Ceinture en cuir v\u00e9ritable Blazy"},"content":{"rendered":"<p class=\"\" style=\"text-align: center;\" data-start=\"1466\" data-end=\"1789\"><strong data-start=\"1466\" data-end=\"1485\">D\u00e9couvrez Blazy<\/strong>, la ceinture pour femme sign\u00e9e Martinica Belts, qui allie l\u2019audace du style animalier \u00e0 l\u2019\u00e9l\u00e9gance artisanale du Made in Italy.<br data-start=\"1613\" data-end=\"1616\" \/>R\u00e9alis\u00e9e en <strong data-start=\"1628\" data-end=\"1662\">poil de veau imprim\u00e9 animalier<\/strong>, <strong data-start=\"1664\" data-end=\"1673\">Blazy<\/strong> est un accessoire qui ne passe pas inaper\u00e7u, pens\u00e9 pour les femmes qui aiment se d\u00e9marquer avec style et caract\u00e8re.<\/p>\n<p class=\"\" style=\"text-align: center;\" data-start=\"1791\" data-end=\"2069\">Le mod\u00e8le plat <strong data-start=\"1806\" data-end=\"1813\">H30<\/strong>, bord\u00e9 et fini \u00e0 la main, est rehauss\u00e9 d\u2019un <strong data-start=\"1858\" data-end=\"1887\">bord noir teint \u00e0 la main<\/strong>, qui souligne le profil de la ceinture avec une pr\u00e9cision artisanale.<br data-start=\"1957\" data-end=\"1960\" \/>La doublure int\u00e9rieure en cuir de vachette teint en pi\u00e8ce offre douceur, confort et durabilit\u00e9 dans le temps.<\/p>\n<p class=\"\" style=\"text-align: center;\" data-start=\"2071\" data-end=\"2228\">L\u2019ensemble est compl\u00e9t\u00e9 par un <strong data-start=\"2102\" data-end=\"2142\">trittico d\u00e9coratif en laiton vieilli<\/strong>, au charme vintage et affirm\u00e9, qui enrichit le design d\u2019une touche d\u2019\u00e9l\u00e9gance unique.<\/p>\n<p class=\"\" style=\"text-align: center;\" data-start=\"2230\" data-end=\"2272\"><strong data-start=\"2230\" data-end=\"2272\">Parfaite pour celles qui recherchent :<\/strong><\/p>\n<p class=\"\" style=\"text-align: center;\" data-start=\"2275\" data-end=\"2314\">Une ceinture femme au motif animalier<br \/>\nUn style vintage et affirm\u00e9 avec des d\u00e9tails m\u00e9talliques<br \/>\nUn design plat, bord\u00e9 et artisanal<br \/>\nUne ceinture avec bord noir teint \u00e0 la main<br \/>\nLa qualit\u00e9 Made in Italy et des mat\u00e9riaux s\u00e9lectionn\u00e9s<\/p>\n<p class=\"\" style=\"text-align: center;\" data-start=\"2521\" data-end=\"2737\">Id\u00e9ale pour ajouter de la personnalit\u00e9 \u00e0 une tenue \u00e9pur\u00e9e ou pour sublimer un look audacieux, la <strong data-start=\"2618\" data-end=\"2636\">ceinture Blazy<\/strong> s\u2019associe naturellement \u00e0 des pantalons, jupes ou robes, en affichant son temp\u00e9rament avec \u00e9l\u00e9gance.<\/p>\n<p class=\"\" style=\"text-align: center;\" data-start=\"2739\" data-end=\"2826\">Avec <strong data-start=\"2744\" data-end=\"2763\">Martinica Belts<\/strong>, l\u2019excellence artisanale se m\u00eale au style le plus authentique.<\/p>\n","protected":false},"excerpt":{"rendered":"<p class=\"\" data-start=\"480\" data-end=\"725\"><strong data-start=\"480\" data-end=\"514\">Ceinture femme Blazy animalier<\/strong>, mod\u00e8le plat avec bord noir fini \u00e0 la main et doublure en cuir de veau v\u00e9g\u00e9tal teint en pi\u00e8ce. Dot\u00e9e de 5 trous et d\u2019un trittico en laiton vieilli.<br data-start=\"664\" data-end=\"667\" \/>Un accessoire \u00e9l\u00e9gant et affirm\u00e9, au style vintage marqu\u00e9.<\/p>\n<p class=\"\" data-start=\"727\" data-end=\"795\"><strong data-start=\"727\" data-end=\"740\">Mati\u00e8re:<\/strong> 100 % cuir de veau tann\u00e9 v\u00e9g\u00e9tal<br data-start=\"773\" data-end=\"776\" \/><strong data-start=\"776\" data-end=\"789\">Largeur:<\/strong> 30 mm<\/p>\n<p>&nbsp;<\/p>\n","protected":false},"featured_media":14380,"template":"","meta":{"_acf_changed":false,"inline_featured_image":false},"product_brand":[],"product_cat":[844],"product_tag":[],"class_list":{"0":"post-14329","1":"product","2":"type-product","3":"status-publish","4":"has-post-thumbnail","6":"product_cat-ceintures-pour-femme","8":"first","9":"instock","10":"shipping-taxable","11":"purchasable","12":"product-type-variable","13":"has-default-attributes"},"acf":[],"_links":{"self":[{"href":"https:\/\/www.martinicabelts.com\/fr\/wp-json\/wp\/v2\/product\/14329","targetHints":{"allow":["GET"]}}],"collection":[{"href":"https:\/\/www.martinicabelts.com\/fr\/wp-json\/wp\/v2\/product"}],"about":[{"href":"https:\/\/www.martinicabelts.com\/fr\/wp-json\/wp\/v2\/types\/product"}],"wp:featuredmedia":[{"embeddable":true,"href":"https:\/\/www.martinicabelts.com\/fr\/wp-json\/wp\/v2\/media\/14380"}],"wp:attachment":[{"href":"https:\/\/www.martinicabelts.com\/fr\/wp-json\/wp\/v2\/media?parent=14329"}],"wp:term":[{"taxonomy":"product_brand","embeddable":true,"href":"https:\/\/www.martinicabelts.com\/fr\/wp-json\/wp\/v2\/product_brand?post=14329"},{"taxonomy":"product_cat","embeddable":true,"href":"https:\/\/www.martinicabelts.com\/fr\/wp-json\/wp\/v2\/product_cat?post=14329"},{"taxonomy":"product_tag","embeddable":true,"href":"https:\/\/www.martinicabelts.com\/fr\/wp-json\/wp\/v2\/product_tag?post=14329"}],"curies":[{"name":"wp","href":"https:\/\/api.w.org\/{rel}","templated":true}]}}