{"id":14484,"date":"2025-04-11T10:39:46","date_gmt":"2025-04-11T08:39:46","guid":{"rendered":"https:\/\/www.martinicabelts.com\/?post_type=product&#038;p=14484"},"modified":"2026-03-01T05:16:37","modified_gmt":"2026-03-01T04:16:37","slug":"ceinture-en-cuir-veritable-cristie","status":"publish","type":"product","link":"https:\/\/www.martinicabelts.com\/fr\/boutique\/ceinture-en-cuir-veritable-cristie\/","title":{"rendered":"Ceinture en cuir v\u00e9ritable Cristie"},"content":{"rendered":"<p class=\"\" style=\"text-align: center;\" data-start=\"1828\" data-end=\"2156\"><strong data-start=\"1828\" data-end=\"1849\">D\u00e9couvrez Cristie<\/strong>, la ceinture pour femme sign\u00e9e Martinica Belts\u2014un accessoire raffin\u00e9 qui associe l\u2019\u00e9l\u00e9gance de l\u2019artisanat italien \u00e0 un design riche en d\u00e9tails sophistiqu\u00e9s.<br data-start=\"2007\" data-end=\"2010\" \/>R\u00e9alis\u00e9e en cuir v\u00e9ritable de haute qualit\u00e9, <strong data-start=\"2055\" data-end=\"2066\">Cristie<\/strong> s\u2019adresse aux femmes qui aiment se distinguer \u00e0 travers des pi\u00e8ces uniques et originales.<\/p>\n<p class=\"\" style=\"text-align: center;\" data-start=\"2158\" data-end=\"2451\">Le mod\u00e8le, plat et cambr\u00e9, est con\u00e7u pour offrir confort et ajustement parfait, tout en conservant une structure \u00e9l\u00e9gante et f\u00e9minine.<br data-start=\"2292\" data-end=\"2295\" \/>L\u2019\u00e9l\u00e9ment central du design est repr\u00e9sent\u00e9 par les <strong data-start=\"2346\" data-end=\"2392\">d\u00e9coupes concentriques r\u00e9alis\u00e9es \u00e0 la main<\/strong>, qui donnent profondeur et dynamisme visuel \u00e0 la ceinture.<\/p>\n<p class=\"\" style=\"text-align: center;\" data-start=\"2453\" data-end=\"2868\">La d\u00e9coration se compose d\u2019une alternance de clous artistiques :<br data-start=\"2517\" data-end=\"2520\" \/>d\u2019un c\u00f4t\u00e9, des <strong data-start=\"2535\" data-end=\"2564\">cabochons en verre color\u00e9<\/strong> apportent des touches lumineuses et vibrantes ;<br data-start=\"2612\" data-end=\"2615\" \/>de l\u2019autre, les <strong data-start=\"2631\" data-end=\"2657\">clous sculpt\u00e9s Vortice<\/strong>, au design expressif et \u00e0 fort impact esth\u00e9tique.<br data-start=\"2707\" data-end=\"2710\" \/>Des d\u00e9tails en <strong data-start=\"2725\" data-end=\"2768\">m\u00e9tal argent\u00e9 avec demi-sph\u00e8res grav\u00e9es<\/strong> ajoutent encore plus de raffinement, compl\u00e9tant l\u2019ensemble avec une touche d\u2019\u00e9l\u00e9gance sophistiqu\u00e9e.<\/p>\n<p class=\"\" style=\"text-align: center;\" data-start=\"2870\" data-end=\"2943\">Le look est finalis\u00e9 par un <strong data-start=\"2898\" data-end=\"2917\">passant en cuir<\/strong> et une <strong data-start=\"2925\" data-end=\"2942\">boucle carr\u00e9e<\/strong>.<\/p>\n<p class=\"\" style=\"text-align: center;\" data-start=\"2945\" data-end=\"2987\"><strong data-start=\"2945\" data-end=\"2987\">Parfaite pour celles qui recherchent\u00a0<\/strong><\/p>\n<p class=\"\" style=\"text-align: center;\" data-start=\"2990\" data-end=\"3045\">Une ceinture en cuir v\u00e9ritable d\u00e9cor\u00e9e artisanalement<br \/>\nDes d\u00e9coupes faites \u00e0 la main et des cabochons en verre<br \/>\nUn accessoire \u00e9l\u00e9gant et \u00e0 fort caract\u00e8re<br \/>\nUne ceinture plate, cambr\u00e9e, solide et bien finie<br \/>\nUn produit de maroquinerie italienne exclusif<\/p>\n<p class=\"\" style=\"text-align: center;\" data-start=\"3255\" data-end=\"3523\">Id\u00e9ale pour sublimer des robes longues, des looks boho-chic ou des tenues monochromes avec une touche pr\u00e9cieuse et sophistiqu\u00e9e,<br data-start=\"3383\" data-end=\"3386\" \/>la <strong data-start=\"3389\" data-end=\"3409\">ceinture Cristie<\/strong> est pens\u00e9e pour celles qui consid\u00e8rent les accessoires comme une extension de leur style et de leur personnalit\u00e9.<\/p>\n<p class=\"\" style=\"text-align: center;\" data-start=\"3525\" data-end=\"3621\">Avec <strong data-start=\"3530\" data-end=\"3549\">Martinica Belts<\/strong>, chaque ceinture raconte une histoire de soin, de mati\u00e8re et de beaut\u00e9.<\/p>\n","protected":false},"excerpt":{"rendered":"<p class=\"\" data-start=\"517\" data-end=\"822\"><strong data-start=\"517\" data-end=\"543\">Ceinture femme Cristie<\/strong> en cuir v\u00e9ritable, mod\u00e8le plat et cambr\u00e9 avec <strong data-start=\"590\" data-end=\"633\">d\u00e9coupes concentriques faites \u00e0 la main<\/strong> le long de la lani\u00e8re. Orn\u00e9e de <strong data-start=\"668\" data-end=\"708\">clous avec cabochons en verre color\u00e9<\/strong> altern\u00e9s \u00e0 des clous m\u00e9talliques. Passant en cuir, 5 trous et boucle carr\u00e9e. Un accessoire \u00e9l\u00e9gant et unique.<\/p>\n<p class=\"\" data-start=\"824\" data-end=\"896\"><strong data-start=\"824\" data-end=\"837\">Mati\u00e8re:<\/strong> 100 % cuir de vachette tann\u00e9 v\u00e9g\u00e9tal<br data-start=\"874\" data-end=\"877\" \/><strong data-start=\"877\" data-end=\"890\">Largeur:<\/strong> 30 mm<\/p>\n<p>&nbsp;<\/p>\n","protected":false},"featured_media":14541,"template":"","meta":{"_acf_changed":false,"inline_featured_image":false},"product_brand":[],"product_cat":[844],"product_tag":[],"class_list":{"0":"post-14484","1":"product","2":"type-product","3":"status-publish","4":"has-post-thumbnail","6":"product_cat-ceintures-pour-femme","8":"first","9":"instock","10":"shipping-taxable","11":"purchasable","12":"product-type-variable","13":"has-default-attributes"},"acf":[],"_links":{"self":[{"href":"https:\/\/www.martinicabelts.com\/fr\/wp-json\/wp\/v2\/product\/14484","targetHints":{"allow":["GET"]}}],"collection":[{"href":"https:\/\/www.martinicabelts.com\/fr\/wp-json\/wp\/v2\/product"}],"about":[{"href":"https:\/\/www.martinicabelts.com\/fr\/wp-json\/wp\/v2\/types\/product"}],"wp:featuredmedia":[{"embeddable":true,"href":"https:\/\/www.martinicabelts.com\/fr\/wp-json\/wp\/v2\/media\/14541"}],"wp:attachment":[{"href":"https:\/\/www.martinicabelts.com\/fr\/wp-json\/wp\/v2\/media?parent=14484"}],"wp:term":[{"taxonomy":"product_brand","embeddable":true,"href":"https:\/\/www.martinicabelts.com\/fr\/wp-json\/wp\/v2\/product_brand?post=14484"},{"taxonomy":"product_cat","embeddable":true,"href":"https:\/\/www.martinicabelts.com\/fr\/wp-json\/wp\/v2\/product_cat?post=14484"},{"taxonomy":"product_tag","embeddable":true,"href":"https:\/\/www.martinicabelts.com\/fr\/wp-json\/wp\/v2\/product_tag?post=14484"}],"curies":[{"name":"wp","href":"https:\/\/api.w.org\/{rel}","templated":true}]}}