{"id":14639,"date":"2025-04-11T10:38:05","date_gmt":"2025-04-11T08:38:05","guid":{"rendered":"https:\/\/www.martinicabelts.com\/?post_type=product&#038;p=14639"},"modified":"2026-03-01T05:16:36","modified_gmt":"2026-03-01T04:16:36","slug":"ceinture-en-cuir-veritable-janis","status":"publish","type":"product","link":"https:\/\/www.martinicabelts.com\/fr\/boutique\/ceinture-en-cuir-veritable-janis\/","title":{"rendered":"Ceinture en cuir v\u00e9ritable Janis"},"content":{"rendered":"<p class=\"\" style=\"text-align: center;\" data-start=\"1582\" data-end=\"1890\"><strong data-start=\"1582\" data-end=\"1601\">D\u00e9couvrez Janis<\/strong>, la ceinture pour femme sign\u00e9e Martinica Belts\u2014un accessoire en cuir v\u00e9ritable qui incarne un style affirm\u00e9, sophistiqu\u00e9 et r\u00e9solument artisanal.<br data-start=\"1747\" data-end=\"1750\" \/>R\u00e9alis\u00e9e en cuir teint \u00e0 la main, la <strong data-start=\"1787\" data-end=\"1805\">ceinture Janis<\/strong> est le fruit d\u2019un subtil \u00e9quilibre entre savoir-faire technique et design d\u00e9coratif.<\/p>\n<p class=\"\" style=\"text-align: center;\" data-start=\"1892\" data-end=\"2060\">Le mod\u00e8le plat et bord\u00e9 est mis en valeur par une combinaison de <strong data-start=\"1957\" data-end=\"2000\">d\u00e9coupes d\u00e9coratives et de perforations<\/strong>, cr\u00e9ant un jeu de pleins et de vides au fort impact visuel.<\/p>\n<p class=\"\" style=\"text-align: center;\" data-start=\"2062\" data-end=\"2248\">L\u2019\u00e9l\u00e9ment central du design repose sur l\u2019alternance de <strong data-start=\"2117\" data-end=\"2169\">clous demi-sph\u00e9riques avec strass noir au centre<\/strong> et de <strong data-start=\"2176\" data-end=\"2198\">clous bomb\u00e9s ronds<\/strong>, pour un effet \u00e0 la fois harmonieux et audacieux.<\/p>\n<p class=\"\" style=\"text-align: center;\" data-start=\"2250\" data-end=\"2447\">Pour compl\u00e9ter le tout, un <strong data-start=\"2277\" data-end=\"2310\">trittico \u00e9lanc\u00e9 en argent mat<\/strong>, au profil allong\u00e9, apporte verticalit\u00e9 et \u00e9l\u00e9gance \u00e0 la ligne de la ceinture\u2014id\u00e9ale pour sublimer des tenues modernes et sophistiqu\u00e9es.<\/p>\n<p class=\"\" style=\"text-align: center;\" data-start=\"2449\" data-end=\"2491\"><strong data-start=\"2449\" data-end=\"2491\">Parfaite pour celles qui recherchent :<\/strong><\/p>\n<p class=\"\" style=\"text-align: center;\" data-start=\"2494\" data-end=\"2534\">Une ceinture d\u00e9cor\u00e9e en cuir artisanal<br \/>\nUn accessoire avec d\u00e9coupes, perforations et clous altern\u00e9s<br \/>\nUn design avec strass noirs et finitions m\u00e9talliques mates<br \/>\nUn mod\u00e8le raffin\u00e9 et r\u00e9sistant<br \/>\nUn produit exclusif Made in Italy<\/p>\n<p class=\"\" style=\"text-align: center;\" data-start=\"2734\" data-end=\"2928\">La <strong data-start=\"2737\" data-end=\"2755\">ceinture Janis<\/strong> est parfaite pour donner du caract\u00e8re \u00e0 un total look noir, compl\u00e9ter une tenue \u00e9l\u00e9gante avec une touche rock-chic, ou sublimer une robe minimaliste avec un d\u00e9tail affirm\u00e9.<\/p>\n<p class=\"\" style=\"text-align: center;\" data-start=\"2930\" data-end=\"3024\">Avec <strong data-start=\"2935\" data-end=\"2954\">Martinica Belts<\/strong>, chaque ceinture est une fusion de technique, de style et d\u2019identit\u00e9.<\/p>\n","protected":false},"excerpt":{"rendered":"<p class=\"\" data-start=\"558\" data-end=\"911\"><strong data-start=\"558\" data-end=\"582\">Ceinture femme Janis<\/strong> en cuir v\u00e9ritable teint \u00e0 la main, mod\u00e8le plat de 30 mm avec finitions bord\u00e9es, d\u00e9coupes et perforations artisanales. Orn\u00e9e de clous travaill\u00e9s avec <strong data-start=\"734\" data-end=\"757\">strass noir central<\/strong>, altern\u00e9s avec des clous bomb\u00e9s ronds.<br data-start=\"796\" data-end=\"799\" \/>La structure est compl\u00e9t\u00e9e par un <strong data-start=\"833\" data-end=\"866\">trittico \u00e9lanc\u00e9 en argent mat<\/strong>, pour un style \u00e0 la fois \u00e9l\u00e9gant et affirm\u00e9.<\/p>\n<p class=\"\" data-start=\"913\" data-end=\"985\"><strong data-start=\"913\" data-end=\"926\">Mati\u00e8re:<\/strong> 100 % cuir de vachette tann\u00e9 v\u00e9g\u00e9tal<br data-start=\"963\" data-end=\"966\" \/><strong data-start=\"966\" data-end=\"979\">Largeur:<\/strong> 30 mm<\/p>\n<p>&nbsp;<\/p>\n","protected":false},"featured_media":14696,"template":"","meta":{"_acf_changed":false,"inline_featured_image":false},"product_brand":[],"product_cat":[844],"product_tag":[],"class_list":{"0":"post-14639","1":"product","2":"type-product","3":"status-publish","4":"has-post-thumbnail","6":"product_cat-ceintures-pour-femme","8":"first","9":"instock","10":"shipping-taxable","11":"purchasable","12":"product-type-variable","13":"has-default-attributes"},"acf":[],"_links":{"self":[{"href":"https:\/\/www.martinicabelts.com\/fr\/wp-json\/wp\/v2\/product\/14639","targetHints":{"allow":["GET"]}}],"collection":[{"href":"https:\/\/www.martinicabelts.com\/fr\/wp-json\/wp\/v2\/product"}],"about":[{"href":"https:\/\/www.martinicabelts.com\/fr\/wp-json\/wp\/v2\/types\/product"}],"wp:featuredmedia":[{"embeddable":true,"href":"https:\/\/www.martinicabelts.com\/fr\/wp-json\/wp\/v2\/media\/14696"}],"wp:attachment":[{"href":"https:\/\/www.martinicabelts.com\/fr\/wp-json\/wp\/v2\/media?parent=14639"}],"wp:term":[{"taxonomy":"product_brand","embeddable":true,"href":"https:\/\/www.martinicabelts.com\/fr\/wp-json\/wp\/v2\/product_brand?post=14639"},{"taxonomy":"product_cat","embeddable":true,"href":"https:\/\/www.martinicabelts.com\/fr\/wp-json\/wp\/v2\/product_cat?post=14639"},{"taxonomy":"product_tag","embeddable":true,"href":"https:\/\/www.martinicabelts.com\/fr\/wp-json\/wp\/v2\/product_tag?post=14639"}],"curies":[{"name":"wp","href":"https:\/\/api.w.org\/{rel}","templated":true}]}}