{"id":15064,"date":"2025-04-11T10:41:40","date_gmt":"2025-04-11T08:41:40","guid":{"rendered":"https:\/\/www.martinicabelts.com\/?post_type=product&#038;p=15064"},"modified":"2026-03-01T05:16:38","modified_gmt":"2026-03-01T04:16:38","slug":"ceinture-en-cuir-veritable-amber","status":"publish","type":"product","link":"https:\/\/www.martinicabelts.com\/fr\/boutique\/ceinture-en-cuir-veritable-amber\/","title":{"rendered":"Ceinture en cuir v\u00e9ritable Amber"},"content":{"rendered":"<p class=\"\" style=\"text-align: center;\" data-start=\"1358\" data-end=\"1728\"><strong data-start=\"1358\" data-end=\"1377\">D\u00e9couvrez Amber<\/strong>, la ceinture pour femme sign\u00e9e Martinica Belts\u2014un accessoire raffin\u00e9 qui allie le charme de la tradition artisanale \u00e0 un design soign\u00e9 et intemporel.<br data-start=\"1527\" data-end=\"1530\" \/>Confectionn\u00e9e en cuir v\u00e9ritable teint en pi\u00e8ce avec une finition bicolore, <strong data-start=\"1605\" data-end=\"1614\">Amber<\/strong> met en valeur les nuances naturelles et les textures authentiques gr\u00e2ce \u00e0 un travail manuel pr\u00e9cis et m\u00e9ticuleux.<\/p>\n<p class=\"\" style=\"text-align: center;\" data-start=\"1730\" data-end=\"1961\">Le mod\u00e8le est plat, bord\u00e9 et l\u00e9g\u00e8rement cambr\u00e9, <strong data-start=\"1778\" data-end=\"1827\">orn\u00e9 de gravures en chevrons faites \u00e0 la main<\/strong>.<br data-start=\"1828\" data-end=\"1831\" \/>Ce d\u00e9tail artisanal apporte du mouvement et de la profondeur au design, transformant la ceinture en un v\u00e9ritable \u00e9l\u00e9ment de style.<\/p>\n<p class=\"\" style=\"text-align: center;\" data-start=\"1963\" data-end=\"2005\"><strong data-start=\"1963\" data-end=\"2005\">Parfaite pour celles qui recherchent<\/strong><\/p>\n<p class=\"\" style=\"text-align: center;\" data-start=\"2008\" data-end=\"2056\">Une ceinture en cuir v\u00e9ritable teint \u00e0 la main<br \/>\nUn design avec gravures artisanales en \u00e9pi ou chevron<br \/>\nUn accessoire avec cabochons en verre d\u00e9coratif<br \/>\n\u00c9l\u00e9gance et polyvalence dans un esprit boho-chic et contemporain<br \/>\nLa qualit\u00e9 de la maroquinerie artisanale italienne<\/p>\n<p class=\"\" style=\"text-align: center;\" data-start=\"2290\" data-end=\"2507\">La <strong data-start=\"2293\" data-end=\"2311\">ceinture Amber<\/strong> est parfaite pour des tenues aussi bien d\u00e9contract\u00e9es qu\u2019habill\u00e9es : robes fluides, jupes taille haute, jeans ou ensembles sophistiqu\u00e9s.<br data-start=\"2448\" data-end=\"2451\" \/>Un accessoire qui allie beaut\u00e9, qualit\u00e9 et personnalit\u00e9.<\/p>\n<p class=\"\" style=\"text-align: center;\" data-start=\"2509\" data-end=\"2614\">Avec <strong data-start=\"2514\" data-end=\"2533\">Martinica Belts<\/strong>, chaque d\u00e9tail raconte une histoire de style authentique et d\u2019artisanat italien.<\/p>\n","protected":false},"excerpt":{"rendered":"<p class=\"\" data-start=\"524\" data-end=\"803\"><strong data-start=\"524\" data-end=\"548\">Ceinture femme Amber<\/strong> en cuir v\u00e9ritable teint \u00e0 la main avec une finition bicolore. Mod\u00e8le plat et bord\u00e9, avec <strong data-start=\"640\" data-end=\"679\">gravures lat\u00e9rales effet \u00e9pi de bl\u00e9<\/strong>. Le <strong data-start=\"686\" data-end=\"708\">trittico d\u00e9coratif<\/strong> est orn\u00e9 de <strong data-start=\"721\" data-end=\"760\">cabochons en verre couleur chocolat<\/strong>, pour une touche \u00e9l\u00e9gante et sophistiqu\u00e9e.<\/p>\n<p class=\"\" data-start=\"805\" data-end=\"877\"><strong data-start=\"805\" data-end=\"818\">Mati\u00e8re:<\/strong> 100 % cuir de vachette tann\u00e9 v\u00e9g\u00e9tal<br data-start=\"855\" data-end=\"858\" \/><strong data-start=\"858\" data-end=\"871\">Largeur:<\/strong> 30 mm<\/p>\n<p>&nbsp;<\/p>\n","protected":false},"featured_media":15115,"template":"","meta":{"_acf_changed":false,"inline_featured_image":false},"product_brand":[],"product_cat":[844],"product_tag":[],"class_list":{"0":"post-15064","1":"product","2":"type-product","3":"status-publish","4":"has-post-thumbnail","6":"product_cat-ceintures-pour-femme","8":"first","9":"instock","10":"shipping-taxable","11":"purchasable","12":"product-type-variable","13":"has-default-attributes"},"acf":[],"_links":{"self":[{"href":"https:\/\/www.martinicabelts.com\/fr\/wp-json\/wp\/v2\/product\/15064","targetHints":{"allow":["GET"]}}],"collection":[{"href":"https:\/\/www.martinicabelts.com\/fr\/wp-json\/wp\/v2\/product"}],"about":[{"href":"https:\/\/www.martinicabelts.com\/fr\/wp-json\/wp\/v2\/types\/product"}],"wp:featuredmedia":[{"embeddable":true,"href":"https:\/\/www.martinicabelts.com\/fr\/wp-json\/wp\/v2\/media\/15115"}],"wp:attachment":[{"href":"https:\/\/www.martinicabelts.com\/fr\/wp-json\/wp\/v2\/media?parent=15064"}],"wp:term":[{"taxonomy":"product_brand","embeddable":true,"href":"https:\/\/www.martinicabelts.com\/fr\/wp-json\/wp\/v2\/product_brand?post=15064"},{"taxonomy":"product_cat","embeddable":true,"href":"https:\/\/www.martinicabelts.com\/fr\/wp-json\/wp\/v2\/product_cat?post=15064"},{"taxonomy":"product_tag","embeddable":true,"href":"https:\/\/www.martinicabelts.com\/fr\/wp-json\/wp\/v2\/product_tag?post=15064"}],"curies":[{"name":"wp","href":"https:\/\/api.w.org\/{rel}","templated":true}]}}